{"id":3507,"date":"2024-10-09T08:53:27","date_gmt":"2024-10-09T08:53:27","guid":{"rendered":"https:\/\/veggy.com.tr\/veggykids\/?page_id=3507"},"modified":"2024-10-11T14:30:40","modified_gmt":"2024-10-11T14:30:40","slug":"sosyal-uygunluk-politikasi","status":"publish","type":"page","link":"https:\/\/veggy.com.tr\/veggykids\/sosyal-uygunluk-politikasi\/","title":{"rendered":"Sosyal Uygunluk Politikas\u0131"},"content":{"rendered":"\t\t<div data-elementor-type=\"wp-page\" data-elementor-id=\"3507\" class=\"elementor elementor-3507\" data-elementor-post-type=\"page\">\n\t\t\t\t<div class=\"elementor-element elementor-element-50e91b3 e-flex e-con-boxed e-con e-parent\" data-id=\"50e91b3\" data-element_type=\"container\" data-settings=\"{&quot;ekit_has_onepagescroll_dot&quot;:&quot;yes&quot;}\">\n\t\t\t\t\t<div class=\"e-con-inner\">\n\t\t<div class=\"elementor-element elementor-element-f493661 e-con-full elementor-hidden-tablet elementor-hidden-mobile e-flex e-con e-child\" data-id=\"f493661\" data-element_type=\"container\" data-settings=\"{&quot;ekit_has_onepagescroll_dot&quot;:&quot;yes&quot;}\">\n\t\t\t\t<div class=\"elementor-element elementor-element-9f2ccc7 elementor-icon-list--layout-traditional elementor-list-item-link-full_width elementor-widget elementor-widget-icon-list\" data-id=\"9f2ccc7\" data-element_type=\"widget\" data-settings=\"{&quot;ekit_we_effect_on&quot;:&quot;none&quot;}\" data-widget_type=\"icon-list.default\">\n\t\t\t\t<div class=\"elementor-widget-container\">\n\t\t\t\t\t\t\t<ul class=\"elementor-icon-list-items\">\n\t\t\t\t\t\t\t<li class=\"elementor-icon-list-item\">\n\t\t\t\t\t\t\t\t\t\t\t<a href=\"https:\/\/veggy.com.tr\/veggykids\/gizlilik-ve-guvenlik-politikasi\/\">\n\n\t\t\t\t\t\t\t\t\t\t\t<span class=\"elementor-icon-list-text\">KVKK Ayd\u0131nlatma Metni<\/span>\n\t\t\t\t\t\t\t\t\t\t\t<\/a>\n\t\t\t\t\t\t\t\t\t<\/li>\n\t\t\t\t\t\t\t\t<li class=\"elementor-icon-list-item\">\n\t\t\t\t\t\t\t\t\t\t\t<a href=\"https:\/\/veggy.com.tr\/veggykids\/gizlilik-politikasi\/\">\n\n\t\t\t\t\t\t\t\t\t\t\t<span class=\"elementor-icon-list-text\">Gizlilik Politikas\u0131<\/span>\n\t\t\t\t\t\t\t\t\t\t\t<\/a>\n\t\t\t\t\t\t\t\t\t<\/li>\n\t\t\t\t\t\t\t\t<li class=\"elementor-icon-list-item\">\n\t\t\t\t\t\t\t\t\t\t\t<a href=\"https:\/\/veggy.com.tr\/veggykids\/kisisel-verilerin-korunmasi\/\">\n\n\t\t\t\t\t\t\t\t\t\t\t<span class=\"elementor-icon-list-text\">Ki\u015fisel Verilerin Korunmas\u0131<\/span>\n\t\t\t\t\t\t\t\t\t\t\t<\/a>\n\t\t\t\t\t\t\t\t\t<\/li>\n\t\t\t\t\t\t\t\t<li class=\"elementor-icon-list-item\">\n\t\t\t\t\t\t\t\t\t\t\t<a href=\"https:\/\/veggy.com.tr\/veggykids\/telif-haklari-ve-kullanim-kosullari\/\">\n\n\t\t\t\t\t\t\t\t\t\t\t<span class=\"elementor-icon-list-text\">Telif Haklar\u0131 ve Kullan\u0131m Ko\u015fullar\u0131<\/span>\n\t\t\t\t\t\t\t\t\t\t\t<\/a>\n\t\t\t\t\t\t\t\t\t<\/li>\n\t\t\t\t\t\t\t\t<li class=\"elementor-icon-list-item\">\n\t\t\t\t\t\t\t\t\t\t\t<a href=\"https:\/\/veggy.com.tr\/veggykids\/bilgi-talep-formu\/\">\n\n\t\t\t\t\t\t\t\t\t\t\t<span class=\"elementor-icon-list-text\">Bilgi Talep Formu<\/span>\n\t\t\t\t\t\t\t\t\t\t\t<\/a>\n\t\t\t\t\t\t\t\t\t<\/li>\n\t\t\t\t\t\t\t\t<li class=\"elementor-icon-list-item\">\n\t\t\t\t\t\t\t\t\t\t\t<a href=\"https:\/\/veggy.com.tr\/veggykids\/sosyal-uygunluk-politikasi\/\">\n\n\t\t\t\t\t\t\t\t\t\t\t<span class=\"elementor-icon-list-text\">Sosyal Uygunluk Politikas\u0131<\/span>\n\t\t\t\t\t\t\t\t\t\t\t<\/a>\n\t\t\t\t\t\t\t\t\t<\/li>\n\t\t\t\t\t\t\t\t<li class=\"elementor-icon-list-item\">\n\t\t\t\t\t\t\t\t\t\t\t<a href=\"https:\/\/veggy.com.tr\/veggykids\/yasal-uyari\/\">\n\n\t\t\t\t\t\t\t\t\t\t\t<span class=\"elementor-icon-list-text\">Yasal Uyar\u0131<\/span>\n\t\t\t\t\t\t\t\t\t\t\t<\/a>\n\t\t\t\t\t\t\t\t\t<\/li>\n\t\t\t\t\t\t<\/ul>\n\t\t\t\t\t\t<\/div>\n\t\t\t\t<\/div>\n\t\t\t\t<\/div>\n\t\t<div class=\"elementor-element elementor-element-761d543 e-con-full e-flex e-con e-child\" data-id=\"761d543\" data-element_type=\"container\" data-settings=\"{&quot;ekit_has_onepagescroll_dot&quot;:&quot;yes&quot;}\">\n\t\t\t\t<div class=\"elementor-element elementor-element-3db9eb1 elementor-widget elementor-widget-image\" data-id=\"3db9eb1\" data-element_type=\"widget\" data-settings=\"{&quot;ekit_we_effect_on&quot;:&quot;none&quot;}\" data-widget_type=\"image.default\">\n\t\t\t\t<div class=\"elementor-widget-container\">\n\t\t\t\t\t\t\t\t\t\t\t\t\t\t\t<img fetchpriority=\"high\" decoding=\"async\" width=\"595\" height=\"841\" src=\"https:\/\/veggy.com.tr\/veggykids\/wp-content\/uploads\/2024\/10\/sosyaluygunlukk.jpg\" class=\"attachment-large size-large wp-image-3510\" alt=\"\" srcset=\"https:\/\/veggy.com.tr\/veggykids\/wp-content\/uploads\/2024\/10\/sosyaluygunlukk.jpg 595w, https:\/\/veggy.com.tr\/veggykids\/wp-content\/uploads\/2024\/10\/sosyaluygunlukk-212x300.jpg 212w\" sizes=\"(max-width: 595px) 100vw, 595px\" \/>\t\t\t\t\t\t\t\t\t\t\t\t\t\t\t<\/div>\n\t\t\t\t<\/div>\n\t\t\t\t<\/div>\n\t\t\t\t\t<\/div>\n\t\t\t\t<\/div>\n\t\t<div class=\"elementor-element elementor-element-895d0a5 e-con-full elementor-hidden-desktop e-flex e-con e-child\" data-id=\"895d0a5\" data-element_type=\"container\" data-settings=\"{&quot;ekit_has_onepagescroll_dot&quot;:&quot;yes&quot;}\">\n\t\t\t\t<div class=\"elementor-element elementor-element-5cbdfc4 elementor-icon-list--layout-traditional elementor-list-item-link-full_width elementor-widget elementor-widget-icon-list\" data-id=\"5cbdfc4\" data-element_type=\"widget\" data-settings=\"{&quot;ekit_we_effect_on&quot;:&quot;none&quot;}\" data-widget_type=\"icon-list.default\">\n\t\t\t\t<div class=\"elementor-widget-container\">\n\t\t\t\t\t\t\t<ul class=\"elementor-icon-list-items\">\n\t\t\t\t\t\t\t<li class=\"elementor-icon-list-item\">\n\t\t\t\t\t\t\t\t\t\t\t<a href=\"https:\/\/veggy.com.tr\/veggykids\/gizlilik-ve-guvenlik-politikasi\/\">\n\n\t\t\t\t\t\t\t\t\t\t\t<span class=\"elementor-icon-list-text\">KVKK Ayd\u0131nlatma Metni<\/span>\n\t\t\t\t\t\t\t\t\t\t\t<\/a>\n\t\t\t\t\t\t\t\t\t<\/li>\n\t\t\t\t\t\t\t\t<li class=\"elementor-icon-list-item\">\n\t\t\t\t\t\t\t\t\t\t\t<a href=\"https:\/\/veggy.com.tr\/veggykids\/gizlilik-politikasi\/\">\n\n\t\t\t\t\t\t\t\t\t\t\t<span class=\"elementor-icon-list-text\">Gizlilik Politikas\u0131<\/span>\n\t\t\t\t\t\t\t\t\t\t\t<\/a>\n\t\t\t\t\t\t\t\t\t<\/li>\n\t\t\t\t\t\t\t\t<li class=\"elementor-icon-list-item\">\n\t\t\t\t\t\t\t\t\t\t\t<a href=\"https:\/\/veggy.com.tr\/veggykids\/kisisel-verilerin-korunmasi\/\">\n\n\t\t\t\t\t\t\t\t\t\t\t<span class=\"elementor-icon-list-text\">Ki\u015fisel Verilerin Korunmas\u0131<\/span>\n\t\t\t\t\t\t\t\t\t\t\t<\/a>\n\t\t\t\t\t\t\t\t\t<\/li>\n\t\t\t\t\t\t\t\t<li class=\"elementor-icon-list-item\">\n\t\t\t\t\t\t\t\t\t\t\t<a href=\"https:\/\/veggy.com.tr\/veggykids\/telif-haklari-ve-kullanim-kosullari\/\">\n\n\t\t\t\t\t\t\t\t\t\t\t<span class=\"elementor-icon-list-text\">Telif Haklar\u0131 ve Kullan\u0131m Ko\u015fullar\u0131<\/span>\n\t\t\t\t\t\t\t\t\t\t\t<\/a>\n\t\t\t\t\t\t\t\t\t<\/li>\n\t\t\t\t\t\t\t\t<li class=\"elementor-icon-list-item\">\n\t\t\t\t\t\t\t\t\t\t\t<a href=\"https:\/\/veggy.com.tr\/veggykids\/bilgi-talep-formu\/\">\n\n\t\t\t\t\t\t\t\t\t\t\t<span class=\"elementor-icon-list-text\">Bilgi Talep Formu<\/span>\n\t\t\t\t\t\t\t\t\t\t\t<\/a>\n\t\t\t\t\t\t\t\t\t<\/li>\n\t\t\t\t\t\t\t\t<li class=\"elementor-icon-list-item\">\n\t\t\t\t\t\t\t\t\t\t\t<a href=\"https:\/\/veggy.com.tr\/veggykids\/sosyal-uygunluk-politikasi\/\">\n\n\t\t\t\t\t\t\t\t\t\t\t<span class=\"elementor-icon-list-text\">Sosyal Uygunluk Politikas\u0131<\/span>\n\t\t\t\t\t\t\t\t\t\t\t<\/a>\n\t\t\t\t\t\t\t\t\t<\/li>\n\t\t\t\t\t\t\t\t<li class=\"elementor-icon-list-item\">\n\t\t\t\t\t\t\t\t\t\t\t<a href=\"https:\/\/veggy.com.tr\/veggykids\/yasal-uyari\/\">\n\n\t\t\t\t\t\t\t\t\t\t\t<span class=\"elementor-icon-list-text\">Yasal Uyar\u0131<\/span>\n\t\t\t\t\t\t\t\t\t\t\t<\/a>\n\t\t\t\t\t\t\t\t\t<\/li>\n\t\t\t\t\t\t<\/ul>\n\t\t\t\t\t\t<\/div>\n\t\t\t\t<\/div>\n\t\t\t\t<\/div>\n\t\t\t\t<\/div>\n\t\t","protected":false},"excerpt":{"rendered":"<p>KVKK Ayd\u0131nlatma Metni Gizlilik Politikas\u0131 Ki\u015fisel Verilerin Korunmas\u0131 Telif Haklar\u0131 ve Kullan\u0131m Ko\u015fullar\u0131 Bilgi Talep Formu Sosyal Uygunluk Politikas\u0131 Yasal Uyar\u0131 KVKK Ayd\u0131nlatma Metni Gizlilik Politikas\u0131 Ki\u015fisel Verilerin Korunmas\u0131 Telif Haklar\u0131 ve Kullan\u0131m Ko\u015fullar\u0131 Bilgi Talep Formu Sosyal Uygunluk Politikas\u0131 Yasal Uyar\u0131<\/p>\n","protected":false},"author":1,"featured_media":0,"parent":0,"menu_order":0,"comment_status":"closed","ping_status":"closed","template":"elementor_header_footer","meta":{"inline_featured_image":false,"footnotes":""},"class_list":["post-3507","page","type-page","status-publish","hentry"],"yoast_head":"<!-- This site is optimized with the Yoast SEO plugin v24.1 - https:\/\/yoast.com\/wordpress\/plugins\/seo\/ -->\n<title>Sosyal Uygunluk Politikas\u0131 - VEGGY Kids | Her Eve Veggy Kids<\/title>\n<meta name=\"robots\" content=\"index, follow, max-snippet:-1, max-image-preview:large, max-video-preview:-1\" \/>\n<link rel=\"canonical\" href=\"https:\/\/veggy.com.tr\/veggykids\/sosyal-uygunluk-politikasi\/\" \/>\n<meta property=\"og:locale\" content=\"tr_TR\" \/>\n<meta property=\"og:type\" content=\"article\" \/>\n<meta property=\"og:title\" content=\"Sosyal Uygunluk Politikas\u0131 - VEGGY Kids | Her Eve Veggy Kids\" \/>\n<meta property=\"og:description\" content=\"KVKK Ayd\u0131nlatma Metni Gizlilik Politikas\u0131 Ki\u015fisel Verilerin Korunmas\u0131 Telif Haklar\u0131 ve Kullan\u0131m Ko\u015fullar\u0131 Bilgi Talep Formu Sosyal Uygunluk Politikas\u0131 Yasal Uyar\u0131 KVKK Ayd\u0131nlatma Metni Gizlilik Politikas\u0131 Ki\u015fisel Verilerin Korunmas\u0131 Telif Haklar\u0131 ve Kullan\u0131m Ko\u015fullar\u0131 Bilgi Talep Formu Sosyal Uygunluk Politikas\u0131 Yasal Uyar\u0131\" \/>\n<meta property=\"og:url\" content=\"https:\/\/veggy.com.tr\/veggykids\/sosyal-uygunluk-politikasi\/\" \/>\n<meta property=\"og:site_name\" content=\"VEGGY Kids | Her Eve Veggy Kids\" \/>\n<meta property=\"article:modified_time\" content=\"2024-10-11T14:30:40+00:00\" \/>\n<meta property=\"og:image\" content=\"https:\/\/veggy.com.tr\/veggykids\/wp-content\/uploads\/2024\/10\/sosyaluygunlukk.jpg\" \/>\n\t<meta property=\"og:image:width\" content=\"595\" \/>\n\t<meta property=\"og:image:height\" content=\"841\" \/>\n\t<meta property=\"og:image:type\" content=\"image\/jpeg\" \/>\n<meta name=\"twitter:card\" content=\"summary_large_image\" \/>\n<script type=\"application\/ld+json\" class=\"yoast-schema-graph\">{\"@context\":\"https:\/\/schema.org\",\"@graph\":[{\"@type\":\"WebPage\",\"@id\":\"https:\/\/veggy.com.tr\/veggykids\/sosyal-uygunluk-politikasi\/\",\"url\":\"https:\/\/veggy.com.tr\/veggykids\/sosyal-uygunluk-politikasi\/\",\"name\":\"Sosyal Uygunluk Politikas\u0131 - VEGGY Kids | Her Eve Veggy Kids\",\"isPartOf\":{\"@id\":\"https:\/\/veggy.com.tr\/veggykids\/#website\"},\"primaryImageOfPage\":{\"@id\":\"https:\/\/veggy.com.tr\/veggykids\/sosyal-uygunluk-politikasi\/#primaryimage\"},\"image\":{\"@id\":\"https:\/\/veggy.com.tr\/veggykids\/sosyal-uygunluk-politikasi\/#primaryimage\"},\"thumbnailUrl\":\"https:\/\/veggy.com.tr\/veggykids\/wp-content\/uploads\/2024\/10\/sosyaluygunlukk.jpg\",\"datePublished\":\"2024-10-09T08:53:27+00:00\",\"dateModified\":\"2024-10-11T14:30:40+00:00\",\"breadcrumb\":{\"@id\":\"https:\/\/veggy.com.tr\/veggykids\/sosyal-uygunluk-politikasi\/#breadcrumb\"},\"inLanguage\":\"tr\",\"potentialAction\":[{\"@type\":\"ReadAction\",\"target\":[\"https:\/\/veggy.com.tr\/veggykids\/sosyal-uygunluk-politikasi\/\"]}]},{\"@type\":\"ImageObject\",\"inLanguage\":\"tr\",\"@id\":\"https:\/\/veggy.com.tr\/veggykids\/sosyal-uygunluk-politikasi\/#primaryimage\",\"url\":\"https:\/\/veggy.com.tr\/veggykids\/wp-content\/uploads\/2024\/10\/sosyaluygunlukk.jpg\",\"contentUrl\":\"https:\/\/veggy.com.tr\/veggykids\/wp-content\/uploads\/2024\/10\/sosyaluygunlukk.jpg\",\"width\":595,\"height\":841},{\"@type\":\"BreadcrumbList\",\"@id\":\"https:\/\/veggy.com.tr\/veggykids\/sosyal-uygunluk-politikasi\/#breadcrumb\",\"itemListElement\":[{\"@type\":\"ListItem\",\"position\":1,\"name\":\"Anasayfa\",\"item\":\"https:\/\/veggy.com.tr\/veggykids\/\"},{\"@type\":\"ListItem\",\"position\":2,\"name\":\"Sosyal Uygunluk Politikas\u0131\"}]},{\"@type\":\"WebSite\",\"@id\":\"https:\/\/veggy.com.tr\/veggykids\/#website\",\"url\":\"https:\/\/veggy.com.tr\/veggykids\/\",\"name\":\"VEGGY Kids | Her Eve Veggy Kids\",\"description\":\"\",\"potentialAction\":[{\"@type\":\"SearchAction\",\"target\":{\"@type\":\"EntryPoint\",\"urlTemplate\":\"https:\/\/veggy.com.tr\/veggykids\/?s={search_term_string}\"},\"query-input\":{\"@type\":\"PropertyValueSpecification\",\"valueRequired\":true,\"valueName\":\"search_term_string\"}}],\"inLanguage\":\"tr\"}]}<\/script>\n<!-- \/ Yoast SEO plugin. -->","yoast_head_json":{"title":"Sosyal Uygunluk Politikas\u0131 - VEGGY Kids | Her Eve Veggy Kids","robots":{"index":"index","follow":"follow","max-snippet":"max-snippet:-1","max-image-preview":"max-image-preview:large","max-video-preview":"max-video-preview:-1"},"canonical":"https:\/\/veggy.com.tr\/veggykids\/sosyal-uygunluk-politikasi\/","og_locale":"tr_TR","og_type":"article","og_title":"Sosyal Uygunluk Politikas\u0131 - VEGGY Kids | Her Eve Veggy Kids","og_description":"KVKK Ayd\u0131nlatma Metni Gizlilik Politikas\u0131 Ki\u015fisel Verilerin Korunmas\u0131 Telif Haklar\u0131 ve Kullan\u0131m Ko\u015fullar\u0131 Bilgi Talep Formu Sosyal Uygunluk Politikas\u0131 Yasal Uyar\u0131 KVKK Ayd\u0131nlatma Metni Gizlilik Politikas\u0131 Ki\u015fisel Verilerin Korunmas\u0131 Telif Haklar\u0131 ve Kullan\u0131m Ko\u015fullar\u0131 Bilgi Talep Formu Sosyal Uygunluk Politikas\u0131 Yasal Uyar\u0131","og_url":"https:\/\/veggy.com.tr\/veggykids\/sosyal-uygunluk-politikasi\/","og_site_name":"VEGGY Kids | Her Eve Veggy Kids","article_modified_time":"2024-10-11T14:30:40+00:00","og_image":[{"width":595,"height":841,"url":"https:\/\/veggy.com.tr\/veggykids\/wp-content\/uploads\/2024\/10\/sosyaluygunlukk.jpg","type":"image\/jpeg"}],"twitter_card":"summary_large_image","schema":{"@context":"https:\/\/schema.org","@graph":[{"@type":"WebPage","@id":"https:\/\/veggy.com.tr\/veggykids\/sosyal-uygunluk-politikasi\/","url":"https:\/\/veggy.com.tr\/veggykids\/sosyal-uygunluk-politikasi\/","name":"Sosyal Uygunluk Politikas\u0131 - VEGGY Kids | Her Eve Veggy Kids","isPartOf":{"@id":"https:\/\/veggy.com.tr\/veggykids\/#website"},"primaryImageOfPage":{"@id":"https:\/\/veggy.com.tr\/veggykids\/sosyal-uygunluk-politikasi\/#primaryimage"},"image":{"@id":"https:\/\/veggy.com.tr\/veggykids\/sosyal-uygunluk-politikasi\/#primaryimage"},"thumbnailUrl":"https:\/\/veggy.com.tr\/veggykids\/wp-content\/uploads\/2024\/10\/sosyaluygunlukk.jpg","datePublished":"2024-10-09T08:53:27+00:00","dateModified":"2024-10-11T14:30:40+00:00","breadcrumb":{"@id":"https:\/\/veggy.com.tr\/veggykids\/sosyal-uygunluk-politikasi\/#breadcrumb"},"inLanguage":"tr","potentialAction":[{"@type":"ReadAction","target":["https:\/\/veggy.com.tr\/veggykids\/sosyal-uygunluk-politikasi\/"]}]},{"@type":"ImageObject","inLanguage":"tr","@id":"https:\/\/veggy.com.tr\/veggykids\/sosyal-uygunluk-politikasi\/#primaryimage","url":"https:\/\/veggy.com.tr\/veggykids\/wp-content\/uploads\/2024\/10\/sosyaluygunlukk.jpg","contentUrl":"https:\/\/veggy.com.tr\/veggykids\/wp-content\/uploads\/2024\/10\/sosyaluygunlukk.jpg","width":595,"height":841},{"@type":"BreadcrumbList","@id":"https:\/\/veggy.com.tr\/veggykids\/sosyal-uygunluk-politikasi\/#breadcrumb","itemListElement":[{"@type":"ListItem","position":1,"name":"Anasayfa","item":"https:\/\/veggy.com.tr\/veggykids\/"},{"@type":"ListItem","position":2,"name":"Sosyal Uygunluk Politikas\u0131"}]},{"@type":"WebSite","@id":"https:\/\/veggy.com.tr\/veggykids\/#website","url":"https:\/\/veggy.com.tr\/veggykids\/","name":"VEGGY Kids | Her Eve Veggy Kids","description":"","potentialAction":[{"@type":"SearchAction","target":{"@type":"EntryPoint","urlTemplate":"https:\/\/veggy.com.tr\/veggykids\/?s={search_term_string}"},"query-input":{"@type":"PropertyValueSpecification","valueRequired":true,"valueName":"search_term_string"}}],"inLanguage":"tr"}]}},"_links":{"self":[{"href":"https:\/\/veggy.com.tr\/veggykids\/wp-json\/wp\/v2\/pages\/3507","targetHints":{"allow":["GET"]}}],"collection":[{"href":"https:\/\/veggy.com.tr\/veggykids\/wp-json\/wp\/v2\/pages"}],"about":[{"href":"https:\/\/veggy.com.tr\/veggykids\/wp-json\/wp\/v2\/types\/page"}],"author":[{"embeddable":true,"href":"https:\/\/veggy.com.tr\/veggykids\/wp-json\/wp\/v2\/users\/1"}],"replies":[{"embeddable":true,"href":"https:\/\/veggy.com.tr\/veggykids\/wp-json\/wp\/v2\/comments?post=3507"}],"version-history":[{"count":7,"href":"https:\/\/veggy.com.tr\/veggykids\/wp-json\/wp\/v2\/pages\/3507\/revisions"}],"predecessor-version":[{"id":3920,"href":"https:\/\/veggy.com.tr\/veggykids\/wp-json\/wp\/v2\/pages\/3507\/revisions\/3920"}],"wp:attachment":[{"href":"https:\/\/veggy.com.tr\/veggykids\/wp-json\/wp\/v2\/media?parent=3507"}],"curies":[{"name":"wp","href":"https:\/\/api.w.org\/{rel}","templated":true}]}}