{"id":121267,"date":"2025-09-05T11:27:01","date_gmt":"2025-09-05T11:27:01","guid":{"rendered":"https:\/\/veggy.com.tr\/veggy\/?page_id=121267"},"modified":"2025-09-05T11:27:01","modified_gmt":"2025-09-05T11:27:01","slug":"cerez-politikasi","status":"publish","type":"page","link":"https:\/\/veggy.com.tr\/veggy\/cerez-politikasi\/","title":{"rendered":"\u00c7erez Politikas\u0131"},"content":{"rendered":"<section class=\"wpb-content-wrapper\"><p>[vc_row][vc_column width=&#8221;1\/1&#8243;][vc_column_text text_lead=&#8221;yes&#8221; uncode_shortcode_id=&#8221;187525&#8243;]<\/p>\n<p style=\"text-align: center;\"><b>VEGAN \u0130\u015eLER GIDA SANAY\u0130 VE T\u0130CARET ANON\u0130M \u015e\u0130RKET\u0130 \u00c7EREZ POL\u0130T\u0130KASI<\/b><\/p>\n<p>[\/vc_column_text][\/vc_column][\/vc_row][vc_row][vc_column width=&#8221;1\/1&#8243;][vc_column_text uncode_shortcode_id=&#8221;421578&#8243;]<b>VEGAN \u0130\u015eLER GIDA SANAY\u0130 VE T\u0130CARET ANON\u0130M \u015e\u0130RKET\u0130 \u00c7EREZ POL\u0130T\u0130KASI<\/b><\/p>\n<p><span style=\"font-weight: 400;\">\u0130nternet sitemizden en verimli \u015fekilde faydalanabilmeniz ve kullan\u0131c\u0131 deneyiminizi geli\u015ftirebilmek ad\u0131na \u00e7o\u011fu web sitesinde oldu\u011fu gibi biz de sitemizde \u00e7erez kullanmaktay\u0131z. Bu \u00c7erez Kullan\u0131m\u0131 Politikas\u0131 (&#8220;Politika&#8221;), t\u00fcm web sitesi ziyaret\u00e7ilerimize ve kullan\u0131c\u0131lar\u0131m\u0131za hangi t\u00fcr \u00e7erezlerin hangi ko\u015fullarda kullan\u0131ld\u0131\u011f\u0131n\u0131 a\u00e7\u0131klamaktad\u0131r.<\/span><\/p>\n<p><b>\u00c7erez Nedir?<\/b><\/p>\n<p><span style=\"font-weight: 400;\">\u00c7erezler, bilgisayar\u0131n\u0131z ya da mobil cihaz\u0131n\u0131z \u00fczerinden ziyaret etti\u011finiz internet siteleri taraf\u0131ndan cihaz\u0131n\u0131za veya a\u011f sunucusuna depolanan k\u00fc\u00e7\u00fck metin dosyalar\u0131d\u0131r.<\/span><\/p>\n<p><b>\u00c7erezlerde Hangi T\u00fcr Veriler \u0130\u015flenir?<\/b><\/p>\n<p><span style=\"font-weight: 400;\">\u0130nternet sitelerinde yer alan \u00e7erezlerde, t\u00fcr\u00fcne ba\u011fl\u0131 olarak, siteyi ziyaret etti\u011finiz cihazdaki tarama ve kullan\u0131m tercihlerinize ili\u015fkin veriler toplanmaktad\u0131r. Bu veriler, eri\u015fti\u011finiz sayfalar, inceledi\u011finiz hizmet ve \u00fcr\u00fcnler, tercih etti\u011finiz dil se\u00e7ene\u011fi ve di\u011fer tercihlerinize dair bilgileri kapsamaktad\u0131r.<\/span><\/p>\n<p><b>\u00c7erezler Hangi Ama\u00e7larla Kullan\u0131lmaktad\u0131r?<\/b><\/p>\n<p><span style=\"font-weight: 400;\">Sitede tercih etti\u011finiz dil ve di\u011fer ayarlar\u0131 i\u00e7eren bu k\u00fc\u00e7\u00fck metin dosyalar\u0131, siteye bir sonraki ziyaretinizde tercihlerinizin hat\u0131rlanmas\u0131na ve sitedeki deneyiminizi iyile\u015ftirmek i\u00e7in hizmetlerimizde geli\u015ftirmeler yapmam\u0131za yard\u0131mc\u0131 olur. B\u00f6ylece bir sonraki ziyaretinizde daha iyi ve ki\u015fiselle\u015ftirilmi\u015f bir kullan\u0131m deneyimi ya\u015fayabilirsiniz.<\/span><span style=\"font-weight: 400;\"><br \/>\n<\/span><span style=\"font-weight: 400;\">\u0130nternet sitemizde \u00e7erez kullan\u0131m\u0131n\u0131n ba\u015fl\u0131ca ama\u00e7lar\u0131 ise \u015f\u00f6yledir:<\/span><\/p>\n<p><span style=\"font-weight: 400;\">-\u0130nternet sitesinin performans\u0131n\u0131 artt\u0131rmak<\/span><span style=\"font-weight: 400;\"><br \/>\n<\/span><span style=\"font-weight: 400;\">&#8211; Site \u00fczerinden sizlere sunulan hizmetleri geli\u015ftirmek ve kolayla\u015ft\u0131rmak,<\/span><span style=\"font-weight: 400;\"><br \/>\n<\/span><span style=\"font-weight: 400;\">&#8211; Site \u00fczerinden yeni \u00f6zellikler sunmak ve \u00f6zellikleri tercihlerinize g\u00f6re ki\u015fiselle\u015ftirmek,<\/span><span style=\"font-weight: 400;\"><br \/>\n<\/span><span style=\"font-weight: 400;\">&#8211; Sizin ve \u015firketimizin hukuki ve ticari g\u00fcvenli\u011fini sa\u011flamak,<\/span><span style=\"font-weight: 400;\"><br \/>\n<\/span><span style=\"font-weight: 400;\">&#8211; Site \u00fczerinden sahte i\u015flemlerin ger\u00e7ekle\u015ftirilmesini \u00f6nlemek,<\/span><\/p>\n<p><span style=\"font-weight: 400;\">&#8211; 5651 say\u0131l\u0131 Internet Ortam\u0131nda Yap\u0131lan Yay\u0131nlar\u0131n D\u00fczenlenmesi ve Bu Yay\u0131nlar Yoluyla \u0130\u015flenen Su\u00e7larla M\u00fccadele Edilmesi Hakk\u0131nda Kanun ve Internet Ortam\u0131nda Yap\u0131lan Yay\u0131nlar\u0131n D\u00fczenlenmesine Dair Usul ve Esaslar Hakk\u0131nda Y\u00f6netmelik&#8217;ten kaynaklananlar ba\u015fta olmak \u00fczere, kanuni ve s\u00f6zle\u015fmesel y\u00fck\u00fcml\u00fcl\u00fcklerini yerine getirmek.<\/span><\/p>\n<p><b>\u00c7erez T\u00fcrleri:<\/b><\/p>\n<p><span style=\"font-weight: 400;\"><br \/>\n<\/span><span style=\"font-weight: 400;\">Sakland\u0131\u011f\u0131 S\u00fcre Bak\u0131m\u0131ndan \u00c7erez T\u00fcrleri:<\/span><\/p>\n<p><span style=\"font-weight: 400;\">Oturum \u00c7erezleri:<\/span><\/p>\n<p><span style=\"font-weight: 400;\">Oturum \u00e7erezlerini ziyaretinizi s\u00fcresince internet sitesinin d\u00fczg\u00fcn bir \u015fekilde \u00e7al\u0131\u015fmas\u0131n\u0131 sa\u011flamaktad\u0131r. Sitelerimizin ve sizin, ziyaretinizde g\u00fcvenli\u011fini, s\u00fcreklili\u011fini sa\u011flamak gibi ama\u00e7larla kullan\u0131l\u0131rlar. Oturum \u00e7erezleri ge\u00e7i\u00e7i \u00e7erezlerdir, siz taray\u0131c\u0131n\u0131z\u0131 kapat\u0131p sitemize tekrar geldi\u011finizde silinir, kal\u0131c\u0131 de\u011fillerdir.<\/span><\/p>\n<p><span style=\"font-weight: 400;\"><br \/>\n<\/span><span style=\"font-weight: 400;\">Kal\u0131c\u0131 \u00c7erezler:<\/span><\/p>\n<p><span style=\"font-weight: 400;\">Bu \u00e7erezler bilgileriniz ve se\u00e7imlerinizin bir sonraki ziyaretinizde internet sitemiz taraf\u0131ndan hat\u0131rlanmas\u0131na yard\u0131mc\u0131 olurlar. Kal\u0131c\u0131 \u00e7erezler, sitemizi ziyaret etti\u011finiz taray\u0131c\u0131n\u0131z\u0131 kapatt\u0131ktan veya bilgisayar\u0131n\u0131z\u0131 yeniden ba\u015flatt\u0131ktan sonra bile sakl\u0131 kal\u0131r. Taray\u0131c\u0131n\u0131z\u0131n ayarlar\u0131ndan silinene kadar bu \u00e7erezler taray\u0131c\u0131n\u0131z\u0131n alt klas\u00f6rlerinde tutulurlar.<\/span><\/p>\n<p><span style=\"font-weight: 400;\">Kullan\u0131m Bak\u0131m\u0131ndan \u00c7erez T\u00fcrleri:<\/span><\/p>\n<p><span style=\"font-weight: 400;\">Birinci ve \u00dc\u00e7\u00fcnc\u00fc Ki\u015fi \u00c7erezler:<\/span><\/p>\n<p><span style=\"font-weight: 400;\">Birinci ki\u015fi \u00e7erezler sitemiz taraf\u0131ndan kullan\u0131lan \u00e7erezlerdir. \u00dc\u00e7\u00fcnc\u00fc ki\u015fi \u00e7erezler ise sitemiz haricinde bilgisayar\u0131n\u0131za kurulan \u00e7erezlerdir. \u0130nternet sitemizde hem birinci hem de \u00fc\u00e7\u00fcnc\u00fc taraf ki\u015fi \u00e7erezleri kullan\u0131lmaktad\u0131r.<\/span><\/p>\n<p><span style=\"font-weight: 400;\">\u0130nternet sitemizi ziyaret etmeniz dolay\u0131s\u0131yla elde edilen verileriniz, ki\u015fisel verilerinizin i\u015flenme ama\u00e7lar\u0131 do\u011frultusunda, i\u015f ortaklar\u0131m\u0131za, tedarik\u00e7ilerimize kanunen yetkili kamu kurumlar\u0131na ve \u00f6zel ki\u015filere KVK Kanunu\u2019nun 8. ve 9. maddelerinde belirtilen ki\u015fisel veri i\u015fleme \u015fartlar\u0131 ve ama\u00e7lar\u0131 dahilinde payla\u015f\u0131labilecektir.<\/span><span style=\"font-weight: 400;\">Zorunlu \u00c7erezler:<\/span><\/p>\n<p><span style=\"font-weight: 400;\">Zorunlu \u00c7erezler, internet sitesinin d\u00fczg\u00fcn bir \u015fekilde \u00e7al\u0131\u015fmas\u0131 i\u00e7in gerekli olan \u00e7erezlerdir. Sistemin d\u00fczg\u00fcn bir \u015fekilde y\u00f6netilebilmesi, kullan\u0131c\u0131 hesaplar\u0131n\u0131n olu\u015fturulup kullan\u0131c\u0131lar\u0131n giri\u015f yapabilmesi, sahte i\u015flemlerin \u00f6nlenmesi i\u00e7in zorunlu \u00e7erezler kullan\u0131l\u0131r. Bu \u00e7erezlerin olmamas\u0131 durumunda internet sitesi d\u00fczg\u00fcn \u00e7al\u0131\u015fmaz.<\/span><span style=\"font-weight: 400;\">\u0130\u015flev \u00c7erezleri:<\/span><\/p>\n<p><span style=\"font-weight: 400;\">\u0130\u015flev \u00c7erezleri internet sitesindeki ziyaretinizi kolayla\u015ft\u0131rmak ve site \u00fczerindeki deneyiminizi geli\u015ftirmek i\u00e7in kullan\u0131lan \u00e7erezlerdir. Bu \u00e7erezler internet sitesine yapt\u0131\u011f\u0131n\u0131z bir \u00f6nceki ziyareti hat\u0131rlayarak i\u00e7eriklere rahat\u00e7a eri\u015fmenizi sa\u011flar.<\/span><\/p>\n<p><span style=\"font-weight: 400;\">Analitik \u00c7erezler:<\/span><\/p>\n<p><span style=\"font-weight: 400;\">Analitik \u00c7erezler, hangi sayfalar\u0131m\u0131z\u0131n daha fazla ilgi \u00e7ekti\u011fini, hangi kaynaklar\u0131n daha \u00e7ok g\u00f6r\u00fcnt\u00fclendi\u011fini g\u00f6rmemize yarayan, sitelerimizdeki trafi\u011fi g\u00f6rerek bu trafi\u011fe uygun hizmet sa\u011flamam\u0131z\u0131 sa\u011flayan veriler i\u00e7erir. Bu nitelikte kullan\u0131lan \u00e7erezler bilgiyi anonim olarak depolar.<\/span><\/p>\n<p><span style=\"font-weight: 400;\">Reklam \u00c7erezleri:<\/span><\/p>\n<p><span style=\"font-weight: 400;\">Reklam ya da di\u011fer ad\u0131yla Hedefleme \u00e7erezleri, ilgi alan\u0131n\u0131za yak\u0131n olan i\u00e7erikleri tespit etmemizi ve sunmam\u0131z\u0131 sa\u011flayan \u00e7erezlerdir. Sizi tan\u0131yabilmemiz ve size \u00f6zel reklamlar sunabilmek ad\u0131na web sitemize ve mobil sitemize, reklam verdi\u011fimiz di\u011fer web sitelerine \u00fc\u00e7\u00fcnc\u00fc taraf reklam \u00e7erezleri yerle\u015ftirilebilir. Bu \u00e7erezler ayr\u0131ca reklamlar\u0131m\u0131z\u0131n verimlili\u011fini \u00f6l\u00e7mek i\u00e7in kullan\u0131lmaktad\u0131r.<\/span><span style=\"font-weight: 400;\"><br \/>\n<\/span><span style=\"font-weight: 400;\">Sitelerimizin kulland\u0131\u011f\u0131 zorunlu ve birinci parti olanlar haricinde kullan\u0131lan \u00e7erezler a\u015fa\u011f\u0131daki gibidir:<\/span><\/p>\n<p><span style=\"font-weight: 400;\">Google Analytics:<\/span><\/p>\n<p><span style=\"font-weight: 400;\">Google Analytics kullan\u0131c\u0131lar\u0131n internet sitesini nas\u0131l kulland\u0131\u011f\u0131n\u0131 analiz eden bir web analiz arac\u0131d\u0131r. Anonim olan bilgilerin yan\u0131 s\u0131ra internet sitesi kullan\u0131m\u0131n\u0131zla ilgili ki\u015fisel veri niteli\u011findeki bilgiler (\u0130sim, adres, telefon numaras\u0131, e-mail adresi, IP adresi) taray\u0131c\u0131n\u0131z taraf\u0131ndan Google\u2019a g\u00f6nderilir ve Google taraf\u0131ndan kaydedilir.<\/span><\/p>\n<p><b>\u00c7erezlerin Kullan\u0131lmas\u0131n\u0131 Nas\u0131l Engelleyebilirsiniz?<\/b><\/p>\n<p><span style=\"font-weight: 400;\">\u00c7o\u011fu taray\u0131c\u0131 \u00e7erezleri otomatik olarak kabul eder. Ancak dilerseniz \u00e7erezleri taray\u0131c\u0131n\u0131z\u0131n ayarlar\u0131n\u0131 de\u011fi\u015ftirerek reddedebilirsiniz. \u00c7erezleri reddetti\u011finiz takdirde sitemizdeki baz\u0131 \u00f6zelliklerin ve hizmetlerin d\u00fczg\u00fcn \u00e7al\u0131\u015famayabilece\u011fini, sitemizin ki\u015fiselle\u015ftirilemeyebilece\u011fini ve sizin deneyiminize g\u00f6re \u00f6zelle\u015ftirilemeyece\u011fini l\u00fctfen unutmay\u0131n\u0131z.<\/span><\/p>\n<p><span style=\"font-weight: 400;\">Taray\u0131c\u0131n\u0131z\u0131n ayarlar\u0131n\u0131 de\u011fi\u015ftirerek \u00e7erezlere ili\u015fkin tercihlerinizi ki\u015fiselle\u015ftirme imkan\u0131na sahipsiniz. Taray\u0131c\u0131 \u00fcreticileri, kendi \u00fcr\u00fcnlerinde \u00e7erezlerin y\u00f6netimi ile ilgili yard\u0131m sayfalar\u0131 sunmaktad\u0131r. Daha fazla bilgi i\u00e7in l\u00fctfen t\u0131klay\u0131n\u0131z:<\/span><\/p>\n<p><span style=\"font-weight: 400;\">Google Chrome:<\/span><\/p>\n<p><span style=\"font-weight: 400;\">https:\/\/support.google.com\/chrome\/answer\/95647?hl=tr<\/span><\/p>\n<p><span style=\"font-weight: 400;\">Mozilla Firefox:<\/span><\/p>\n<p><span style=\"font-weight: 400;\">https:\/\/support.mozilla.org\/tr\/kb\/%C3%87erezleri%20engellemek<\/span><\/p>\n<p><span style=\"font-weight: 400;\">Internet Explorer:<\/span><\/p>\n<p><span style=\"font-weight: 400;\">https:\/\/support.microsoft.com\/tr-tr\/help\/17442\/windows-internet-explorer-delete-manage-cookies<\/span><\/p>\n<p><span style=\"font-weight: 400;\">Opera:<\/span><\/p>\n<p><span style=\"font-weight: 400;\">https:\/\/www.opera.com\/tr\/help<\/span><\/p>\n<p><span style=\"font-weight: 400;\">Opera Mobil:<\/span><\/p>\n<p><span style=\"font-weight: 400;\">https:\/\/www.opera.com\/tr\/help\/mobile\/android<\/span><\/p>\n<p><span style=\"font-weight: 400;\">Safari Bilgisayar:<\/span><\/p>\n<p><span style=\"font-weight: 400;\">https:\/\/support.apple.com\/kb\/PH19214?locale=tr_TR&amp;viewlocale=tr_TR<\/span><\/p>\n<p><span style=\"font-weight: 400;\">Safari Mobil:<\/span><\/p>\n<p><span style=\"font-weight: 400;\">https:\/\/support.apple.com\/tr-tr\/HT201265<\/span><\/p>\n<p><b>SAYGILARIMIZLA<\/b><\/p>\n<p><b>VEGAN \u0130\u015eLER GIDA SANAY\u0130 VE T\u0130CARET ANON\u0130M \u015e\u0130RKET\u0130<\/b>[\/vc_column_text][\/vc_column][\/vc_row]<\/p>\n<\/section>","protected":false},"excerpt":{"rendered":"<p>[vc_row][vc_column width=&#8221;1\/1&#8243;][vc_column_text text_lead=&#8221;yes&#8221; uncode_shortcode_id=&#8221;187525&#8243;] VEGAN \u0130\u015eLER GIDA SANAY\u0130 VE T\u0130CARET ANON\u0130M \u015e\u0130RKET\u0130 \u00c7EREZ POL\u0130T\u0130KASI [\/vc_column_text][\/vc_column][\/vc_row][vc_row][vc_column width=&#8221;1\/1&#8243;][vc_column_text uncode_shortcode_id=&#8221;421578&#8243;]VEGAN \u0130\u015eLER GIDA SANAY\u0130 [&hellip;]<\/p>\n","protected":false},"author":3,"featured_media":0,"parent":0,"menu_order":0,"comment_status":"closed","ping_status":"closed","template":"","meta":{"_monsterinsights_skip_tracking":false,"_monsterinsights_sitenote_active":false,"_monsterinsights_sitenote_note":"","_monsterinsights_sitenote_category":0,"footnotes":""},"class_list":["post-121267","page","type-page","status-publish","hentry"],"aioseo_notices":[],"_links":{"self":[{"href":"https:\/\/veggy.com.tr\/veggy\/wp-json\/wp\/v2\/pages\/121267","targetHints":{"allow":["GET"]}}],"collection":[{"href":"https:\/\/veggy.com.tr\/veggy\/wp-json\/wp\/v2\/pages"}],"about":[{"href":"https:\/\/veggy.com.tr\/veggy\/wp-json\/wp\/v2\/types\/page"}],"author":[{"embeddable":true,"href":"https:\/\/veggy.com.tr\/veggy\/wp-json\/wp\/v2\/users\/3"}],"replies":[{"embeddable":true,"href":"https:\/\/veggy.com.tr\/veggy\/wp-json\/wp\/v2\/comments?post=121267"}],"version-history":[{"count":1,"href":"https:\/\/veggy.com.tr\/veggy\/wp-json\/wp\/v2\/pages\/121267\/revisions"}],"predecessor-version":[{"id":121268,"href":"https:\/\/veggy.com.tr\/veggy\/wp-json\/wp\/v2\/pages\/121267\/revisions\/121268"}],"wp:attachment":[{"href":"https:\/\/veggy.com.tr\/veggy\/wp-json\/wp\/v2\/media?parent=121267"}],"curies":[{"name":"wp","href":"https:\/\/api.w.org\/{rel}","templated":true}]}}