{"id":119084,"date":"2023-03-31T15:29:19","date_gmt":"2023-03-31T15:29:19","guid":{"rendered":"https:\/\/veggy.com.tr\/veggy\/?page_id=119084"},"modified":"2024-12-11T08:35:29","modified_gmt":"2024-12-11T08:35:29","slug":"bitki-bazli-sotelik","status":"publish","type":"page","link":"https:\/\/veggy.com.tr\/veggy\/bitki-bazli-sotelik\/","title":{"rendered":"Bitki Bazl\u0131 Sotelik"},"content":{"rendered":"<section class=\"wpb-content-wrapper\"><p>[vc_row row_height_percent=&#8221;0&#8243; override_padding=&#8221;yes&#8221; h_padding=&#8221;2&#8243; top_padding=&#8221;0&#8243; bottom_padding=&#8221;2&#8243; back_color=&#8221;color-545879&#8243; overlay_alpha=&#8221;50&#8243; gutter_size=&#8221;3&#8243; column_width_percent=&#8221;80&#8243; shift_y=&#8221;0&#8243; z_index=&#8221;0&#8243; auto_height_device=&#8221;yes&#8221; uncode_shortcode_id=&#8221;159171&#8243; back_color_type=&#8221;uncode-palette&#8221;][vc_column column_width_percent=&#8221;70&#8243; position_vertical=&#8221;middle&#8221; align_horizontal=&#8221;align_center&#8221; gutter_size=&#8221;0&#8243; style=&#8221;dark&#8221; overlay_alpha=&#8221;0&#8243; shift_x=&#8221;0&#8243; shift_y=&#8221;0&#8243; shift_y_down=&#8221;0&#8243; z_index=&#8221;0&#8243; medium_width=&#8221;0&#8243; mobile_width=&#8221;0&#8243; width=&#8221;1\/1&#8243; uncode_shortcode_id=&#8221;621398&#8243;][\/vc_column][\/vc_row][vc_row row_height_percent=&#8221;0&#8243; override_padding=&#8221;yes&#8221; h_padding=&#8221;2&#8243; top_padding=&#8221;0&#8243; bottom_padding=&#8221;2&#8243; back_color=&#8221;color-545879&#8243; overlay_alpha=&#8221;50&#8243; gutter_size=&#8221;3&#8243; column_width_percent=&#8221;80&#8243; shift_y=&#8221;0&#8243; z_index=&#8221;0&#8243; medium_visibility=&#8221;yes&#8221; mobile_visibility=&#8221;yes&#8221; auto_height_device=&#8221;yes&#8221; uncode_shortcode_id=&#8221;137434&#8243; back_color_type=&#8221;uncode-palette&#8221;][vc_column column_width_percent=&#8221;95&#8243; align_horizontal=&#8221;align_center&#8221; gutter_size=&#8221;0&#8243; style=&#8221;dark&#8221; overlay_alpha=&#8221;0&#8243; shift_x=&#8221;0&#8243; shift_y=&#8221;0&#8243; shift_y_down=&#8221;0&#8243; z_index=&#8221;0&#8243; medium_width=&#8221;0&#8243; mobile_width=&#8221;0&#8243; width=&#8221;1\/2&#8243; uncode_shortcode_id=&#8221;101351&#8243;][vc_single_image media=&#8221;120708&#8243; media_width_percent=&#8221;100&#8243; alignment=&#8221;center&#8221; css_animation=&#8221;alpha-anim&#8221; uncode_shortcode_id=&#8221;169177&#8243;][\/vc_column][vc_column column_width_percent=&#8221;100&#8243; gutter_size=&#8221;3&#8243; style=&#8221;dark&#8221; overlay_alpha=&#8221;50&#8243; shift_x=&#8221;0&#8243; shift_y=&#8221;0&#8243; shift_y_down=&#8221;0&#8243; z_index=&#8221;0&#8243; medium_width=&#8221;0&#8243; mobile_width=&#8221;0&#8243; width=&#8221;1\/2&#8243; uncode_shortcode_id=&#8221;130531&#8243;][vc_column_text text_color=&#8221;color-xsdn&#8221; uncode_shortcode_id=&#8221;571292&#8243; text_color_type=&#8221;uncode-palette&#8221;]<\/p>\n<h5 style=\"text-align: left;\"><span class=\"font-144102\">B\u0130TK\u0130 BAZLI SOTEL\u0130K<\/span><\/h5>\n<p>[\/vc_column_text][vc_column_text uncode_shortcode_id=&#8221;583265&#8243;]<\/p>\n<p class=\"p1\">Sote ve stir-fry tekni\u011fiyle haz\u0131rlad\u0131\u011f\u0131n\u0131z yemekler i\u00e7in m\u00fckemmel bir protein kayna\u011f\u0131. Biraz baharat ve birka\u00e7 malzemeyle mucizevi lezzetlere imza atabilirsin.<\/p>\n<p>[\/vc_column_text][vc_row_inner limit_content=&#8221;&#8221;][vc_column_inner column_width_percent=&#8221;100&#8243; align_horizontal=&#8221;align_center&#8221; gutter_size=&#8221;2&#8243; style=&#8221;dark&#8221; overlay_alpha=&#8221;50&#8243; shift_x=&#8221;0&#8243; shift_y=&#8221;0&#8243; shift_y_down=&#8221;0&#8243; z_index=&#8221;0&#8243; medium_width=&#8221;0&#8243; mobile_width=&#8221;0&#8243; width=&#8221;1\/2&#8243; uncode_shortcode_id=&#8221;216205&#8243;][vc_single_image media=&#8221;118741&#8243; media_width_percent=&#8221;23&#8243; alignment=&#8221;center&#8221; uncode_shortcode_id=&#8221;533626&#8243;][vc_column_text uncode_shortcode_id=&#8221;433758&#8243;]<\/p>\n<p class=\"p1\" style=\"text-align: center;\">Y\u00fcksek Protein<\/p>\n<p>[\/vc_column_text][\/vc_column_inner][vc_column_inner column_width_percent=&#8221;100&#8243; align_horizontal=&#8221;align_center&#8221; gutter_size=&#8221;2&#8243; style=&#8221;dark&#8221; overlay_alpha=&#8221;50&#8243; shift_x=&#8221;0&#8243; shift_y=&#8221;0&#8243; shift_y_down=&#8221;0&#8243; z_index=&#8221;0&#8243; medium_width=&#8221;0&#8243; mobile_width=&#8221;0&#8243; width=&#8221;1\/2&#8243; uncode_shortcode_id=&#8221;149705&#8243;][vc_single_image media=&#8221;118959&#8243; media_width_percent=&#8221;23&#8243; alignment=&#8221;center&#8221; uncode_shortcode_id=&#8221;107513&#8243;][vc_column_text uncode_shortcode_id=&#8221;824755&#8243;]<\/p>\n<p class=\"p1\" style=\"text-align: center;\">%100 Vegan<\/p>\n<p>[\/vc_column_text][\/vc_column_inner][\/vc_row_inner][vc_empty_space empty_h=&#8221;1&#8243;][vc_row_inner limit_content=&#8221;&#8221;][vc_column_inner column_width_percent=&#8221;50&#8243; position_horizontal=&#8221;left&#8221; align_horizontal=&#8221;align_center&#8221; gutter_size=&#8221;2&#8243; style=&#8221;dark&#8221; overlay_alpha=&#8221;50&#8243; shift_x=&#8221;0&#8243; shift_y=&#8221;0&#8243; shift_y_down=&#8221;0&#8243; z_index=&#8221;0&#8243; medium_width=&#8221;0&#8243; mobile_width=&#8221;0&#8243; width=&#8221;1\/2&#8243; uncode_shortcode_id=&#8221;148668&#8243;][vc_single_image media=&#8221;118977&#8243; media_width_percent=&#8221;23&#8243; alignment=&#8221;center&#8221; uncode_shortcode_id=&#8221;621975&#8243;][vc_column_text uncode_shortcode_id=&#8221;123249&#8243;]<\/p>\n<p class=\"p1\" style=\"text-align: center;\">Koruyucu i\u00e7ermez<\/p>\n<p>[\/vc_column_text][\/vc_column_inner][\/vc_row_inner][\/vc_column][\/vc_row][vc_row row_height_percent=&#8221;0&#8243; override_padding=&#8221;yes&#8221; h_padding=&#8221;2&#8243; top_padding=&#8221;0&#8243; bottom_padding=&#8221;2&#8243; back_color=&#8221;color-545879&#8243; overlay_alpha=&#8221;50&#8243; gutter_size=&#8221;3&#8243; column_width_percent=&#8221;80&#8243; shift_y=&#8221;0&#8243; z_index=&#8221;0&#8243; desktop_visibility=&#8221;yes&#8221; auto_height_device=&#8221;yes&#8221; uncode_shortcode_id=&#8221;960366&#8243; back_color_type=&#8221;uncode-palette&#8221;][vc_column column_width_percent=&#8221;70&#8243; align_horizontal=&#8221;align_center&#8221; gutter_size=&#8221;0&#8243; style=&#8221;dark&#8221; overlay_alpha=&#8221;0&#8243; shift_x=&#8221;0&#8243; shift_y=&#8221;0&#8243; shift_y_down=&#8221;0&#8243; z_index=&#8221;0&#8243; medium_width=&#8221;4&#8243; mobile_width=&#8221;0&#8243; width=&#8221;1\/2&#8243; uncode_shortcode_id=&#8221;197018&#8243;][vc_empty_space empty_h=&#8221;3&#8243;][vc_single_image media=&#8221;120708&#8243; media_width_percent=&#8221;100&#8243; alignment=&#8221;center&#8221; css_animation=&#8221;alpha-anim&#8221; uncode_shortcode_id=&#8221;856579&#8243;][\/vc_column][vc_column column_width_percent=&#8221;100&#8243; gutter_size=&#8221;3&#8243; style=&#8221;dark&#8221; overlay_alpha=&#8221;50&#8243; shift_x=&#8221;0&#8243; shift_y=&#8221;0&#8243; shift_y_down=&#8221;0&#8243; z_index=&#8221;0&#8243; medium_width=&#8221;4&#8243; mobile_width=&#8221;0&#8243; width=&#8221;1\/2&#8243; uncode_shortcode_id=&#8221;669449&#8243;][vc_column_text text_color=&#8221;color-xsdn&#8221; uncode_shortcode_id=&#8221;129811&#8243; text_color_type=&#8221;uncode-palette&#8221;]<\/p>\n<h5 style=\"text-align: left;\"><span class=\"font-144102\">B\u0130TK\u0130 BAZLI SOTEL\u0130K<\/span><\/h5>\n<p>[\/vc_column_text][vc_column_text uncode_shortcode_id=&#8221;624015&#8243;]<\/p>\n<p class=\"p1\">Sote ve stir-fry tekni\u011fiyle haz\u0131rlad\u0131\u011f\u0131n\u0131z yemekler i\u00e7in m\u00fckemmel bir protein kayna\u011f\u0131. Biraz baharat ve birka\u00e7 malzemeyle mucizevi lezzetlere imza atabilirsin.<\/p>\n<p>[\/vc_column_text][vc_row_inner limit_content=&#8221;&#8221;][vc_column_inner column_width_percent=&#8221;100&#8243; align_horizontal=&#8221;align_center&#8221; gutter_size=&#8221;2&#8243; style=&#8221;dark&#8221; overlay_alpha=&#8221;50&#8243; shift_x=&#8221;0&#8243; shift_y=&#8221;0&#8243; shift_y_down=&#8221;0&#8243; z_index=&#8221;0&#8243; medium_width=&#8221;4&#8243; mobile_width=&#8221;0&#8243; width=&#8221;1\/2&#8243; uncode_shortcode_id=&#8221;345191&#8243;][vc_single_image media=&#8221;118741&#8243; media_width_percent=&#8221;23&#8243; alignment=&#8221;center&#8221; uncode_shortcode_id=&#8221;371191&#8243;][vc_column_text uncode_shortcode_id=&#8221;506517&#8243;]<\/p>\n<p class=\"p1\" style=\"text-align: center;\">1 porsiyonda 33 gr. protein<\/p>\n<p>[\/vc_column_text][\/vc_column_inner][vc_column_inner column_width_percent=&#8221;100&#8243; align_horizontal=&#8221;align_center&#8221; gutter_size=&#8221;2&#8243; style=&#8221;dark&#8221; overlay_alpha=&#8221;50&#8243; shift_x=&#8221;0&#8243; shift_y=&#8221;0&#8243; shift_y_down=&#8221;0&#8243; z_index=&#8221;0&#8243; medium_width=&#8221;4&#8243; mobile_width=&#8221;0&#8243; width=&#8221;1\/2&#8243; uncode_shortcode_id=&#8221;772000&#8243;][vc_single_image media=&#8221;118959&#8243; media_width_percent=&#8221;23&#8243; alignment=&#8221;center&#8221; uncode_shortcode_id=&#8221;107513&#8243;][vc_column_text uncode_shortcode_id=&#8221;824755&#8243;]<\/p>\n<p class=\"p1\" style=\"text-align: center;\">%100 Vegan<\/p>\n<p>[\/vc_column_text][\/vc_column_inner][\/vc_row_inner][vc_empty_space empty_h=&#8221;1&#8243;][vc_row_inner limit_content=&#8221;&#8221;][vc_column_inner column_width_percent=&#8221;100&#8243; align_horizontal=&#8221;align_center&#8221; gutter_size=&#8221;2&#8243; style=&#8221;dark&#8221; overlay_alpha=&#8221;50&#8243; shift_x=&#8221;0&#8243; shift_y=&#8221;0&#8243; shift_y_down=&#8221;0&#8243; z_index=&#8221;0&#8243; medium_width=&#8221;4&#8243; mobile_width=&#8221;0&#8243; width=&#8221;1\/2&#8243; uncode_shortcode_id=&#8221;178921&#8243;][vc_single_image media=&#8221;118977&#8243; media_width_percent=&#8221;23&#8243; alignment=&#8221;center&#8221; uncode_shortcode_id=&#8221;200075&#8243;][vc_column_text uncode_shortcode_id=&#8221;293748&#8243;]<\/p>\n<p class=\"p1\" style=\"text-align: center;\">Koruyucu i\u00e7ermez<\/p>\n<p>[\/vc_column_text][\/vc_column_inner][vc_column_inner column_width_percent=&#8221;100&#8243; align_horizontal=&#8221;align_center&#8221; gutter_size=&#8221;2&#8243; style=&#8221;dark&#8221; overlay_alpha=&#8221;50&#8243; shift_x=&#8221;0&#8243; shift_y=&#8221;0&#8243; shift_y_down=&#8221;0&#8243; z_index=&#8221;0&#8243; medium_width=&#8221;4&#8243; mobile_width=&#8221;0&#8243; width=&#8221;1\/2&#8243; uncode_shortcode_id=&#8221;826007&#8243;][vc_single_image media=&#8221;118747&#8243; media_width_percent=&#8221;23&#8243; alignment=&#8221;center&#8221; uncode_shortcode_id=&#8221;436063&#8243;][vc_column_text uncode_shortcode_id=&#8221;807493&#8243;]<\/p>\n<p style=\"text-align: center;\">GDO&#8217;suz<\/p>\n<p>[\/vc_column_text][\/vc_column_inner][\/vc_row_inner][vc_row_inner limit_content=&#8221;&#8221;][vc_column_inner column_width_percent=&#8221;100&#8243; align_horizontal=&#8221;align_center&#8221; gutter_size=&#8221;2&#8243; style=&#8221;dark&#8221; overlay_alpha=&#8221;50&#8243; shift_x=&#8221;0&#8243; shift_y=&#8221;0&#8243; shift_y_down=&#8221;0&#8243; z_index=&#8221;0&#8243; medium_width=&#8221;4&#8243; mobile_width=&#8221;0&#8243; width=&#8221;1\/2&#8243; uncode_shortcode_id=&#8221;178921&#8243;][vc_single_image media=&#8221;118976&#8243; media_width_percent=&#8221;23&#8243; alignment=&#8221;center&#8221; uncode_shortcode_id=&#8221;530445&#8243;][vc_column_text uncode_shortcode_id=&#8221;944962&#8243;]<\/p>\n<p style=\"text-align: center;\">0 \u015feker<\/p>\n<p>[\/vc_column_text][\/vc_column_inner][vc_column_inner column_width_percent=&#8221;100&#8243; align_horizontal=&#8221;align_center&#8221; gutter_size=&#8221;2&#8243; style=&#8221;dark&#8221; overlay_alpha=&#8221;50&#8243; shift_x=&#8221;0&#8243; shift_y=&#8221;0&#8243; shift_y_down=&#8221;0&#8243; z_index=&#8221;0&#8243; medium_width=&#8221;4&#8243; mobile_width=&#8221;0&#8243; width=&#8221;1\/2&#8243; uncode_shortcode_id=&#8221;826007&#8243;][vc_single_image media=&#8221;118748&#8243; media_width_percent=&#8221;17&#8243; alignment=&#8221;center&#8221; uncode_shortcode_id=&#8221;206615&#8243;][vc_column_text uncode_shortcode_id=&#8221;450056&#8243;]<\/p>\n<p style=\"text-align: center;\">Uluslararas\u0131 FSSC 22000 sertifikal\u0131<\/p>\n<p>[\/vc_column_text][\/vc_column_inner][\/vc_row_inner][\/vc_column][\/vc_row][vc_row row_height_percent=&#8221;0&#8243; override_padding=&#8221;yes&#8221; h_padding=&#8221;2&#8243; top_padding=&#8221;2&#8243; bottom_padding=&#8221;4&#8243; back_color=&#8221;color-545879&#8243; overlay_alpha=&#8221;50&#8243; gutter_size=&#8221;3&#8243; column_width_percent=&#8221;100&#8243; shift_y=&#8221;0&#8243; z_index=&#8221;0&#8243; uncode_shortcode_id=&#8221;151988&#8243; back_color_type=&#8221;uncode-palette&#8221;][vc_column column_width_percent=&#8221;100&#8243; align_horizontal=&#8221;align_center&#8221; gutter_size=&#8221;3&#8243; override_padding=&#8221;yes&#8221; column_padding=&#8221;1&#8243; expand_height=&#8221;yes&#8221; style=&#8221;dark&#8221; overlay_alpha=&#8221;50&#8243; shift_x=&#8221;0&#8243; shift_y=&#8221;0&#8243; shift_y_down=&#8221;0&#8243; z_index=&#8221;0&#8243; medium_width=&#8221;0&#8243; mobile_width=&#8221;0&#8243; width=&#8221;1\/1&#8243; uncode_shortcode_id=&#8221;360147&#8243;][vc_separator sep_color=&#8221;color-xsdn&#8221; uncode_shortcode_id=&#8221;139044&#8243; sep_color_type=&#8221;uncode-palette&#8221; el_height=&#8221;1px&#8221;][vc_button button_color=&#8221;color-xsdn&#8221; hover_fx=&#8221;outlined&#8221; outline=&#8221;yes&#8221; custom_typo=&#8221;yes&#8221; font_family=&#8221;font-144102&#8243; font_weight=&#8221;400&#8243; letter_spacing=&#8221;fontspace-210350&#8243; border_width=&#8221;1&#8243; button_color_type=&#8221;uncode-palette&#8221; uncode_shortcode_id=&#8221;155385&#8243; link=&#8221;url:https%3A%2F%2Fwww.shopveggy.com%2Furun%2Fbitki-bazli-sotelik|target:_blank&#8221;]SATIN AL[\/vc_button][vc_separator sep_color=&#8221;color-xsdn&#8221; uncode_shortcode_id=&#8221;139044&#8243; sep_color_type=&#8221;uncode-palette&#8221; el_height=&#8221;1px&#8221;][vc_empty_space empty_h=&#8221;2&#8243;][vc_tabs typography=&#8221;yes&#8221;][vc_tab gutter_size=&#8221;3&#8243; column_padding=&#8221;2&#8243; title=&#8221;TAR\u0130F \u00d6NER\u0130M\u0130Z&#8221; tab_id=&#8221;1680178901-2-26&#8243;][vc_row_inner limit_content=&#8221;&#8221;][vc_column_inner column_width_percent=&#8221;100&#8243; align_horizontal=&#8221;align_center&#8221; gutter_size=&#8221;3&#8243; style=&#8221;dark&#8221; overlay_alpha=&#8221;50&#8243; shift_x=&#8221;0&#8243; shift_y=&#8221;0&#8243; shift_y_down=&#8221;0&#8243; z_index=&#8221;0&#8243; medium_width=&#8221;0&#8243; mobile_width=&#8221;0&#8243; width=&#8221;1\/1&#8243; uncode_shortcode_id=&#8221;146005&#8243;][vc_column_text text_lead=&#8221;yes&#8221; uncode_shortcode_id=&#8221;427573&#8243;]<\/p>\n<p class=\"p1\" style=\"text-align: center;\">Bitki Bazl\u0131 \u00c7anak Kebab\u0131<\/p>\n<p>[\/vc_column_text][vc_separator sep_color=&#8221;color-xsdn&#8221; uncode_shortcode_id=&#8221;198065&#8243; sep_color_type=&#8221;uncode-palette&#8221; el_height=&#8221;1px&#8221;][vc_single_image media=&#8221;120434&#8243; media_width_percent=&#8221;100&#8243; uncode_shortcode_id=&#8221;635497&#8243;][\/vc_column_inner][\/vc_row_inner][vc_row_inner limit_content=&#8221;&#8221;][vc_column_inner column_width_percent=&#8221;100&#8243; gutter_size=&#8221;3&#8243; style=&#8221;dark&#8221; overlay_alpha=&#8221;50&#8243; shift_x=&#8221;0&#8243; shift_y=&#8221;0&#8243; shift_y_down=&#8221;0&#8243; z_index=&#8221;0&#8243; medium_width=&#8221;0&#8243; mobile_width=&#8221;0&#8243; width=&#8221;1\/2&#8243; uncode_shortcode_id=&#8221;672824&#8243;][vc_column_text uncode_shortcode_id=&#8221;182848&#8243;]<\/p>\n<p class=\"p1\"><b>\u0130\u00e7 Harc\u0131 \u0130\u00e7in:<\/b><\/p>\n<ul>\n<li class=\"p1\">Yar\u0131m so\u011fan<\/li>\n<li class=\"p1\">1 di\u015f sar\u0131msak<\/li>\n<li class=\"p1\">1 adet ye\u015fil biber<\/li>\n<li class=\"p1\">Veggy bitki bazl\u0131 sotelik<\/li>\n<li class=\"p1\">1 yemek ka\u015f\u0131\u011f\u0131 domates sal\u00e7as\u0131<\/li>\n<li class=\"p1\">1 yemek ka\u015f\u0131\u011f\u0131 biber sal\u00e7as\u0131<\/li>\n<li class=\"p1\">Domates veya do\u011franm\u0131\u015f domates konservesi<\/li>\n<li class=\"p1\">Kekik<\/li>\n<li class=\"p1\">Pul biber<\/li>\n<li class=\"p1\">Bostan patl\u0131can\u0131<\/li>\n<li class=\"p1\">Bir tutam tuz<\/li>\n<li class=\"p1\">Sal\u00e7a<\/li>\n<li class=\"p1\">Bir tutam maydanoz<\/li>\n<\/ul>\n<p>[\/vc_column_text][\/vc_column_inner][vc_column_inner column_width_percent=&#8221;100&#8243; gutter_size=&#8221;3&#8243; style=&#8221;dark&#8221; overlay_alpha=&#8221;50&#8243; shift_x=&#8221;0&#8243; shift_y=&#8221;0&#8243; shift_y_down=&#8221;0&#8243; z_index=&#8221;0&#8243; medium_width=&#8221;0&#8243; mobile_width=&#8221;0&#8243; width=&#8221;1\/2&#8243; uncode_shortcode_id=&#8221;127971&#8243;][vc_column_text uncode_shortcode_id=&#8221;558839&#8243;]<\/p>\n<p class=\"p1\"><b>Harc\u0131 i\u00e7in:<\/b><\/p>\n<p class=\"p1\">2 yemek ka\u015f\u0131\u011f\u0131 s\u0131v\u0131 ya\u011f eklenmi\u015f tavaya k\u00fcp k\u00fcp do\u011franm\u0131\u015f yar\u0131m so\u011fan, bir di\u015f sar\u0131msak, 1 adet do\u011franm\u0131\u015f ye\u015fil biber ve bitki bazl\u0131 sotelik eklenerek kavrulur ard\u0131ndan birer yemek ka\u015f\u0131\u011f\u0131 domates ve biber sal\u00e7as\u0131 eklenerek kavurmaya devam edilir. Ard\u0131ndan do\u011franm\u0131\u015f domates ve\/veya do\u011franm\u0131\u015f domates konservesi, kekik, karabiber ve pul biber eklenerek kavurma i\u015flemine devam ederek pi\u015firme tamamlan\u0131r.<\/p>\n<p>&nbsp;<\/p>\n<p class=\"p1\"><b>Haz\u0131rlan\u0131\u015f\u0131: <\/b><\/p>\n<p class=\"p1\">Bostan patl\u0131can\u0131n i\u00e7i oyulur, f\u0131r\u00e7a yard\u0131m\u0131 ile i\u00e7 ve d\u0131\u015f \u00e7eperi ya\u011flan\u0131r ard\u0131ndan tuz eklenir. F\u0131r\u0131nda 200\u00b0\u2019de patl\u0131can k\u0131zarana kadar f\u0131r\u0131nlan\u0131r. Haz\u0131rlanan i\u00e7 har\u00e7 patl\u0131can\u0131n i\u00e7ine koyulur. \u00dcst\u00fcne sal\u00e7al\u0131 sos eklenir. Patl\u0131can\u0131n kesilen \u00fcst k\u0131sm\u0131 ile kapat\u0131l\u0131r. \u00d6nceden \u0131s\u0131t\u0131lm\u0131\u015f Ar\u0131nda 180\u00b0C\u2019de 10 dakika pi\u015firilir. F\u0131r\u0131ndan \u00e7\u0131k\u0131ktan sonra maydanoz ile s\u00fcslenip servis edilir.<\/p>\n<p>[\/vc_column_text][\/vc_column_inner][\/vc_row_inner][\/vc_tab][vc_tab gutter_size=&#8221;3&#8243; column_padding=&#8221;2&#8243; title=&#8221;\u00dcR\u00dcN B\u0130LG\u0130LER\u0130&#8221; tab_id=&#8221;1680178901-1-86&#8243;][vc_row_inner limit_content=&#8221;&#8221;][vc_column_inner column_width_percent=&#8221;65&#8243; gutter_size=&#8221;3&#8243; style=&#8221;dark&#8221; overlay_alpha=&#8221;50&#8243; shift_x=&#8221;0&#8243; shift_y=&#8221;0&#8243; shift_y_down=&#8221;0&#8243; z_index=&#8221;0&#8243; medium_width=&#8221;0&#8243; mobile_width=&#8221;0&#8243; width=&#8221;1\/2&#8243; uncode_shortcode_id=&#8221;181065&#8243;][vc_column_text uncode_shortcode_id=&#8221;806173&#8243;]<\/p>\n<p class=\"p1\"><b>\u0130\u00e7indekiler:<\/b> Su, tekst\u00fcre protein (bezelye, bu\u011fday gluteni), do\u011fal aroma vericiler.<\/p>\n<p class=\"p1\"><b>Alerjen: <i>Gluten<\/i><\/b> i\u00e7erir. Eser miktarda <b><i>soya, kereviz <\/i><\/b>ve<b><i> hardal<\/i><\/b> i\u00e7erebilir.<\/p>\n<p>[\/vc_column_text][\/vc_column_inner][vc_column_inner column_width_percent=&#8221;100&#8243; gutter_size=&#8221;3&#8243; style=&#8221;dark&#8221; overlay_alpha=&#8221;50&#8243; shift_x=&#8221;0&#8243; shift_y=&#8221;0&#8243; shift_y_down=&#8221;0&#8243; z_index=&#8221;0&#8243; medium_width=&#8221;0&#8243; mobile_width=&#8221;0&#8243; width=&#8221;1\/2&#8243; uncode_shortcode_id=&#8221;190367&#8243;][vc_column_text uncode_shortcode_id=&#8221;167644&#8243;]<\/p>\n<table class=\"t1\" cellspacing=\"0\" cellpadding=\"0\">\n<tbody>\n<tr>\n<td class=\"td1\" valign=\"middle\">\n<p class=\"p1\">Enerji ve besin \u00f6\u011feleri<\/p>\n<\/td>\n<td class=\"td2\" valign=\"middle\">\n<p class=\"p2\">100 g i\u00e7in<\/p>\n<\/td>\n<\/tr>\n<tr>\n<td class=\"td3\" valign=\"middle\">\n<p class=\"p1\">Enerji (kj\/kcal)<\/p>\n<\/td>\n<td class=\"td4\" valign=\"middle\">\n<p class=\"p2\">483\/115<\/p>\n<\/td>\n<\/tr>\n<tr>\n<td class=\"td1\" valign=\"middle\">\n<p class=\"p1\">Ya\u011f (g)<\/p>\n<\/td>\n<td class=\"td2\" valign=\"middle\">\n<p class=\"p2\">1,93<\/p>\n<\/td>\n<\/tr>\n<tr>\n<td class=\"td3\" valign=\"middle\">\n<p class=\"p1\">Doymu\u015f Ya\u011f (g)<\/p>\n<\/td>\n<td class=\"td4\" valign=\"middle\">\n<p class=\"p2\">1,25<\/p>\n<\/td>\n<\/tr>\n<tr>\n<td class=\"td1\" valign=\"middle\">\n<p class=\"p1\">Karbonhidrat (g)<\/p>\n<\/td>\n<td class=\"td2\" valign=\"middle\">\n<p class=\"p2\">1,05<\/p>\n<\/td>\n<\/tr>\n<tr>\n<td class=\"td3\" valign=\"middle\">\n<p class=\"p1\">\u015eekerler (g)<\/p>\n<\/td>\n<td class=\"td4\" valign=\"middle\">\n<p class=\"p2\">0,00<\/p>\n<\/td>\n<\/tr>\n<tr>\n<td class=\"td1\" valign=\"middle\">\n<p class=\"p1\">Protein (g)<\/p>\n<\/td>\n<td class=\"td2\" valign=\"middle\">\n<p class=\"p2\">22,38<\/p>\n<\/td>\n<\/tr>\n<tr>\n<td class=\"td3\" valign=\"middle\">\n<p class=\"p1\">Tuz (g)<\/p>\n<\/td>\n<td class=\"td4\" valign=\"middle\">\n<p class=\"p2\">1,30<\/p>\n<\/td>\n<\/tr>\n<\/tbody>\n<\/table>\n<p>[\/vc_column_text][\/vc_column_inner][\/vc_row_inner][\/vc_tab][\/vc_tabs][\/vc_column][\/vc_row]<\/p>\n<\/section>","protected":false},"excerpt":{"rendered":"<p>[vc_row row_height_percent=&#8221;0&#8243; override_padding=&#8221;yes&#8221; h_padding=&#8221;2&#8243; top_padding=&#8221;0&#8243; bottom_padding=&#8221;2&#8243; back_color=&#8221;color-545879&#8243; overlay_alpha=&#8221;50&#8243; gutter_size=&#8221;3&#8243; column_width_percent=&#8221;80&#8243; shift_y=&#8221;0&#8243; z_index=&#8221;0&#8243; auto_height_device=&#8221;yes&#8221; uncode_shortcode_id=&#8221;159171&#8243; back_color_type=&#8221;uncode-palette&#8221;][vc_column column_width_percent=&#8221;70&#8243; position_vertical=&#8221;middle&#8221; align_horizontal=&#8221;align_center&#8221; gutter_size=&#8221;0&#8243; style=&#8221;dark&#8221; [&hellip;]<\/p>\n","protected":false},"author":2,"featured_media":0,"parent":0,"menu_order":0,"comment_status":"closed","ping_status":"closed","template":"","meta":{"_monsterinsights_skip_tracking":false,"_monsterinsights_sitenote_active":false,"_monsterinsights_sitenote_note":"","_monsterinsights_sitenote_category":0,"footnotes":""},"class_list":["post-119084","page","type-page","status-publish","hentry"],"aioseo_notices":[],"_links":{"self":[{"href":"https:\/\/veggy.com.tr\/veggy\/wp-json\/wp\/v2\/pages\/119084","targetHints":{"allow":["GET"]}}],"collection":[{"href":"https:\/\/veggy.com.tr\/veggy\/wp-json\/wp\/v2\/pages"}],"about":[{"href":"https:\/\/veggy.com.tr\/veggy\/wp-json\/wp\/v2\/types\/page"}],"author":[{"embeddable":true,"href":"https:\/\/veggy.com.tr\/veggy\/wp-json\/wp\/v2\/users\/2"}],"replies":[{"embeddable":true,"href":"https:\/\/veggy.com.tr\/veggy\/wp-json\/wp\/v2\/comments?post=119084"}],"version-history":[{"count":7,"href":"https:\/\/veggy.com.tr\/veggy\/wp-json\/wp\/v2\/pages\/119084\/revisions"}],"predecessor-version":[{"id":121181,"href":"https:\/\/veggy.com.tr\/veggy\/wp-json\/wp\/v2\/pages\/119084\/revisions\/121181"}],"wp:attachment":[{"href":"https:\/\/veggy.com.tr\/veggy\/wp-json\/wp\/v2\/media?parent=119084"}],"curies":[{"name":"wp","href":"https:\/\/api.w.org\/{rel}","templated":true}]}}