{"id":119039,"date":"2023-03-31T13:05:25","date_gmt":"2023-03-31T13:05:25","guid":{"rendered":"https:\/\/veggy.com.tr\/veggy\/?page_id=119039"},"modified":"2025-01-22T11:44:34","modified_gmt":"2025-01-22T11:44:34","slug":"kalite-gida-guvenligi-isg-ve-cevre-yonetimi-politikamiz","status":"publish","type":"page","link":"https:\/\/veggy.com.tr\/veggy\/kalite-gida-guvenligi-isg-ve-cevre-yonetimi-politikamiz\/","title":{"rendered":"Kalite G\u0131da G\u00fcvenli\u011fi, ISG ve \u00c7evre Y\u00f6netimi Politikam\u0131z"},"content":{"rendered":"<section class=\"wpb-content-wrapper\"><p>[vc_row row_height_percent=&#8221;0&#8243; override_padding=&#8221;yes&#8221; h_padding=&#8221;2&#8243; top_padding=&#8221;0&#8243; bottom_padding=&#8221;0&#8243; back_color=&#8221;color-jevc&#8221; overlay_alpha=&#8221;50&#8243; gutter_size=&#8221;3&#8243; column_width_percent=&#8221;100&#8243; shift_y=&#8221;0&#8243; z_index=&#8221;0&#8243; auto_height_device=&#8221;yes&#8221; uncode_shortcode_id=&#8221;336935&#8243; back_color_type=&#8221;uncode-palette&#8221;][vc_column column_width_percent=&#8221;100&#8243; position_vertical=&#8221;middle&#8221; align_horizontal=&#8221;align_center&#8221; gutter_size=&#8221;3&#8243; style=&#8221;dark&#8221; overlay_alpha=&#8221;0&#8243; shift_x=&#8221;0&#8243; shift_y=&#8221;0&#8243; shift_y_down=&#8221;0&#8243; z_index=&#8221;0&#8243; medium_width=&#8221;0&#8243; mobile_width=&#8221;0&#8243; width=&#8221;1\/1&#8243; uncode_shortcode_id=&#8221;849775&#8243;][\/vc_column][\/vc_row][vc_row unlock_row_content=&#8221;yes&#8221; row_height_percent=&#8221;70&#8243; override_padding=&#8221;yes&#8221; h_padding=&#8221;2&#8243; top_padding=&#8221;2&#8243; bottom_padding=&#8221;0&#8243; back_color=&#8221;color-jevc&#8221; overlay_alpha=&#8221;50&#8243; gutter_size=&#8221;3&#8243; column_width_percent=&#8221;100&#8243; shift_y=&#8221;0&#8243; z_index=&#8221;0&#8243; uncode_shortcode_id=&#8221;577266&#8243; back_color_type=&#8221;uncode-palette&#8221;][vc_column column_width_percent=&#8221;90&#8243; gutter_size=&#8221;3&#8243; expand_height=&#8221;yes&#8221; style=&#8221;dark&#8221; overlay_alpha=&#8221;50&#8243; shift_x=&#8221;0&#8243; shift_y=&#8221;0&#8243; shift_y_down=&#8221;0&#8243; z_index=&#8221;0&#8243; medium_width=&#8221;0&#8243; mobile_width=&#8221;0&#8243; width=&#8221;1\/1&#8243; uncode_shortcode_id=&#8221;181836&#8243;][vc_column_text uncode_shortcode_id=&#8221;124473&#8243;]<\/p>\n<h6 style=\"text-align: left;\"><span class=\"font-144102\">Y\u00d6NET\u0130M S\u0130STEMLER\u0130 POL\u0130T\u0130KAMIZ<\/span><\/h6>\n<p>[\/vc_column_text][vc_column_text uncode_shortcode_id=&#8221;946788&#8243;][\/vc_column_text][vc_single_image media=&#8221;121216&#8243; media_width_percent=&#8221;42&#8243; uncode_shortcode_id=&#8221;155165&#8243;][\/vc_column][\/vc_row]<\/p>\n<\/section>","protected":false},"excerpt":{"rendered":"<p>[vc_row row_height_percent=&#8221;0&#8243; override_padding=&#8221;yes&#8221; h_padding=&#8221;2&#8243; top_padding=&#8221;0&#8243; bottom_padding=&#8221;0&#8243; back_color=&#8221;color-jevc&#8221; overlay_alpha=&#8221;50&#8243; gutter_size=&#8221;3&#8243; column_width_percent=&#8221;100&#8243; shift_y=&#8221;0&#8243; z_index=&#8221;0&#8243; auto_height_device=&#8221;yes&#8221; uncode_shortcode_id=&#8221;336935&#8243; back_color_type=&#8221;uncode-palette&#8221;][vc_column column_width_percent=&#8221;100&#8243; position_vertical=&#8221;middle&#8221; align_horizontal=&#8221;align_center&#8221; gutter_size=&#8221;3&#8243; style=&#8221;dark&#8221; [&hellip;]<\/p>\n","protected":false},"author":2,"featured_media":0,"parent":0,"menu_order":0,"comment_status":"closed","ping_status":"closed","template":"","meta":{"_monsterinsights_skip_tracking":false,"_monsterinsights_sitenote_active":false,"_monsterinsights_sitenote_note":"","_monsterinsights_sitenote_category":0,"footnotes":""},"class_list":["post-119039","page","type-page","status-publish","hentry"],"aioseo_notices":[],"_links":{"self":[{"href":"https:\/\/veggy.com.tr\/veggy\/wp-json\/wp\/v2\/pages\/119039","targetHints":{"allow":["GET"]}}],"collection":[{"href":"https:\/\/veggy.com.tr\/veggy\/wp-json\/wp\/v2\/pages"}],"about":[{"href":"https:\/\/veggy.com.tr\/veggy\/wp-json\/wp\/v2\/types\/page"}],"author":[{"embeddable":true,"href":"https:\/\/veggy.com.tr\/veggy\/wp-json\/wp\/v2\/users\/2"}],"replies":[{"embeddable":true,"href":"https:\/\/veggy.com.tr\/veggy\/wp-json\/wp\/v2\/comments?post=119039"}],"version-history":[{"count":19,"href":"https:\/\/veggy.com.tr\/veggy\/wp-json\/wp\/v2\/pages\/119039\/revisions"}],"predecessor-version":[{"id":121219,"href":"https:\/\/veggy.com.tr\/veggy\/wp-json\/wp\/v2\/pages\/119039\/revisions\/121219"}],"wp:attachment":[{"href":"https:\/\/veggy.com.tr\/veggy\/wp-json\/wp\/v2\/media?parent=119039"}],"curies":[{"name":"wp","href":"https:\/\/api.w.org\/{rel}","templated":true}]}}