{"id":118994,"date":"2023-03-31T11:35:40","date_gmt":"2023-03-31T11:35:40","guid":{"rendered":"https:\/\/veggy.com.tr\/veggy\/?page_id=118994"},"modified":"2024-12-11T08:31:30","modified_gmt":"2024-12-11T08:31:30","slug":"bitki-bazli-schnitzel","status":"publish","type":"page","link":"https:\/\/veggy.com.tr\/veggy\/bitki-bazli-schnitzel\/","title":{"rendered":"Bitki Bazl\u0131 Schnitzel"},"content":{"rendered":"<section class=\"wpb-content-wrapper\"><p>[vc_row row_height_percent=&#8221;0&#8243; override_padding=&#8221;yes&#8221; h_padding=&#8221;2&#8243; top_padding=&#8221;0&#8243; bottom_padding=&#8221;2&#8243; back_color=&#8221;color-545879&#8243; overlay_alpha=&#8221;50&#8243; gutter_size=&#8221;3&#8243; column_width_percent=&#8221;80&#8243; shift_y=&#8221;0&#8243; z_index=&#8221;0&#8243; auto_height_device=&#8221;yes&#8221; uncode_shortcode_id=&#8221;158499&#8243; back_color_type=&#8221;uncode-palette&#8221;][vc_column column_width_percent=&#8221;70&#8243; position_vertical=&#8221;middle&#8221; align_horizontal=&#8221;align_center&#8221; gutter_size=&#8221;0&#8243; style=&#8221;dark&#8221; overlay_alpha=&#8221;0&#8243; shift_x=&#8221;0&#8243; shift_y=&#8221;0&#8243; shift_y_down=&#8221;0&#8243; z_index=&#8221;0&#8243; medium_width=&#8221;0&#8243; mobile_width=&#8221;0&#8243; width=&#8221;1\/1&#8243; uncode_shortcode_id=&#8221;621398&#8243;][\/vc_column][\/vc_row][vc_row row_height_percent=&#8221;0&#8243; override_padding=&#8221;yes&#8221; h_padding=&#8221;2&#8243; top_padding=&#8221;0&#8243; bottom_padding=&#8221;2&#8243; back_color=&#8221;color-545879&#8243; overlay_alpha=&#8221;50&#8243; gutter_size=&#8221;3&#8243; column_width_percent=&#8221;80&#8243; shift_y=&#8221;0&#8243; z_index=&#8221;0&#8243; medium_visibility=&#8221;yes&#8221; mobile_visibility=&#8221;yes&#8221; auto_height_device=&#8221;yes&#8221; uncode_shortcode_id=&#8221;210157&#8243; back_color_type=&#8221;uncode-palette&#8221;][vc_column column_width_percent=&#8221;70&#8243; align_horizontal=&#8221;align_center&#8221; gutter_size=&#8221;0&#8243; style=&#8221;dark&#8221; overlay_alpha=&#8221;0&#8243; shift_x=&#8221;0&#8243; shift_y=&#8221;0&#8243; shift_y_down=&#8221;0&#8243; z_index=&#8221;0&#8243; medium_width=&#8221;0&#8243; mobile_width=&#8221;0&#8243; width=&#8221;1\/2&#8243; uncode_shortcode_id=&#8221;101368&#8243;][vc_single_image media=&#8221;120706&#8243; media_width_percent=&#8221;100&#8243; alignment=&#8221;center&#8221; css_animation=&#8221;alpha-anim&#8221; uncode_shortcode_id=&#8221;140937&#8243;][\/vc_column][vc_column column_width_percent=&#8221;100&#8243; gutter_size=&#8221;3&#8243; style=&#8221;dark&#8221; overlay_alpha=&#8221;50&#8243; shift_x=&#8221;0&#8243; shift_y=&#8221;0&#8243; shift_y_down=&#8221;0&#8243; z_index=&#8221;0&#8243; medium_width=&#8221;0&#8243; mobile_width=&#8221;0&#8243; width=&#8221;1\/2&#8243; uncode_shortcode_id=&#8221;130531&#8243;][vc_column_text text_color=&#8221;color-xsdn&#8221; uncode_shortcode_id=&#8221;211083&#8243; text_color_type=&#8221;uncode-palette&#8221;]<\/p>\n<h5 style=\"text-align: left;\"><span class=\"font-144102\">B\u0130TK\u0130 BAZLI SCHNITZEL<\/span><\/h5>\n<p>[\/vc_column_text][vc_column_text uncode_shortcode_id=&#8221;168052&#8243;]<\/p>\n<p class=\"p1\">\u0130\u00e7i yumu\u015fac\u0131k d\u0131\u015f\u0131 \u00e7\u0131t\u0131r \u00e7\u0131t\u0131r schnitzel lezzeti bitkisel ve besleyici!<\/p>\n<p>[\/vc_column_text][vc_row_inner limit_content=&#8221;&#8221;][vc_column_inner column_width_percent=&#8221;100&#8243; align_horizontal=&#8221;align_center&#8221; gutter_size=&#8221;2&#8243; style=&#8221;dark&#8221; overlay_alpha=&#8221;50&#8243; shift_x=&#8221;0&#8243; shift_y=&#8221;0&#8243; shift_y_down=&#8221;0&#8243; z_index=&#8221;0&#8243; medium_width=&#8221;0&#8243; mobile_width=&#8221;0&#8243; width=&#8221;1\/2&#8243; uncode_shortcode_id=&#8221;149705&#8243;][vc_single_image media=&#8221;118959&#8243; media_width_percent=&#8221;23&#8243; alignment=&#8221;center&#8221; uncode_shortcode_id=&#8221;107513&#8243;][vc_column_text uncode_shortcode_id=&#8221;824755&#8243;]<\/p>\n<p class=\"p1\" style=\"text-align: center;\">%100 Vegan<\/p>\n<p>[\/vc_column_text][\/vc_column_inner][\/vc_row_inner][vc_empty_space empty_h=&#8221;1&#8243;][vc_row_inner limit_content=&#8221;&#8221;][vc_column_inner column_width_percent=&#8221;100&#8243; align_horizontal=&#8221;align_center&#8221; gutter_size=&#8221;2&#8243; style=&#8221;dark&#8221; overlay_alpha=&#8221;50&#8243; shift_x=&#8221;0&#8243; shift_y=&#8221;0&#8243; shift_y_down=&#8221;0&#8243; z_index=&#8221;0&#8243; medium_width=&#8221;0&#8243; mobile_width=&#8221;0&#8243; width=&#8221;1\/2&#8243; uncode_shortcode_id=&#8221;149705&#8243;][vc_single_image media=&#8221;118977&#8243; media_width_percent=&#8221;23&#8243; alignment=&#8221;center&#8221; uncode_shortcode_id=&#8221;145728&#8243;][vc_column_text uncode_shortcode_id=&#8221;137321&#8243;]<\/p>\n<p class=\"p1\" style=\"text-align: center;\">Koruyucu i\u00e7ermez<\/p>\n<p>[\/vc_column_text][\/vc_column_inner][\/vc_row_inner][\/vc_column][\/vc_row][vc_row row_height_percent=&#8221;0&#8243; override_padding=&#8221;yes&#8221; h_padding=&#8221;2&#8243; top_padding=&#8221;0&#8243; bottom_padding=&#8221;2&#8243; back_color=&#8221;color-545879&#8243; overlay_alpha=&#8221;50&#8243; gutter_size=&#8221;3&#8243; column_width_percent=&#8221;80&#8243; shift_y=&#8221;0&#8243; z_index=&#8221;0&#8243; desktop_visibility=&#8221;yes&#8221; auto_height_device=&#8221;yes&#8221; uncode_shortcode_id=&#8221;194977&#8243; back_color_type=&#8221;uncode-palette&#8221;][vc_column column_width_percent=&#8221;70&#8243; align_horizontal=&#8221;align_center&#8221; gutter_size=&#8221;0&#8243; style=&#8221;dark&#8221; overlay_alpha=&#8221;0&#8243; shift_x=&#8221;0&#8243; shift_y=&#8221;0&#8243; shift_y_down=&#8221;0&#8243; z_index=&#8221;0&#8243; medium_width=&#8221;4&#8243; mobile_width=&#8221;0&#8243; width=&#8221;1\/2&#8243; uncode_shortcode_id=&#8221;671542&#8243;][vc_single_image media=&#8221;120706&#8243; media_width_percent=&#8221;100&#8243; alignment=&#8221;center&#8221; css_animation=&#8221;alpha-anim&#8221; uncode_shortcode_id=&#8221;297536&#8243;][\/vc_column][vc_column column_width_percent=&#8221;100&#8243; gutter_size=&#8221;3&#8243; style=&#8221;dark&#8221; overlay_alpha=&#8221;50&#8243; shift_x=&#8221;0&#8243; shift_y=&#8221;0&#8243; shift_y_down=&#8221;0&#8243; z_index=&#8221;0&#8243; medium_width=&#8221;4&#8243; mobile_width=&#8221;0&#8243; width=&#8221;1\/2&#8243; uncode_shortcode_id=&#8221;669449&#8243;][vc_column_text text_color=&#8221;color-xsdn&#8221; uncode_shortcode_id=&#8221;670023&#8243; text_color_type=&#8221;uncode-palette&#8221;]<\/p>\n<h5 style=\"text-align: left;\"><span class=\"font-144102\">B\u0130TK\u0130 BAZLI SCHNITZEL<\/span><\/h5>\n<p>[\/vc_column_text][vc_column_text uncode_shortcode_id=&#8221;138952&#8243;]<\/p>\n<p class=\"p1\">\u0130\u00e7i yumu\u015fac\u0131k d\u0131\u015f\u0131 \u00e7\u0131t\u0131r \u00e7\u0131t\u0131r schnitzel lezzetinden asla vazge\u00e7meyiz ama onu ancak bu kadar bitkisel ve bu kadar besleyiciyse sevebiliriz.<\/p>\n<p>[\/vc_column_text][vc_row_inner limit_content=&#8221;&#8221;][vc_column_inner column_width_percent=&#8221;100&#8243; align_horizontal=&#8221;align_center&#8221; gutter_size=&#8221;2&#8243; style=&#8221;dark&#8221; overlay_alpha=&#8221;50&#8243; shift_x=&#8221;0&#8243; shift_y=&#8221;0&#8243; shift_y_down=&#8221;0&#8243; z_index=&#8221;0&#8243; medium_width=&#8221;4&#8243; mobile_width=&#8221;0&#8243; width=&#8221;1\/2&#8243; uncode_shortcode_id=&#8221;345191&#8243;][vc_single_image media=&#8221;118976&#8243; media_width_percent=&#8221;23&#8243; alignment=&#8221;center&#8221; uncode_shortcode_id=&#8221;116332&#8243;][vc_column_text uncode_shortcode_id=&#8221;866393&#8243;]<\/p>\n<p class=\"p1\" style=\"text-align: center;\">0 \u015eeker<\/p>\n<p>[\/vc_column_text][\/vc_column_inner][vc_column_inner column_width_percent=&#8221;100&#8243; align_horizontal=&#8221;align_center&#8221; gutter_size=&#8221;2&#8243; style=&#8221;dark&#8221; overlay_alpha=&#8221;50&#8243; shift_x=&#8221;0&#8243; shift_y=&#8221;0&#8243; shift_y_down=&#8221;0&#8243; z_index=&#8221;0&#8243; medium_width=&#8221;4&#8243; mobile_width=&#8221;0&#8243; width=&#8221;1\/2&#8243; uncode_shortcode_id=&#8221;772000&#8243;][vc_single_image media=&#8221;118959&#8243; media_width_percent=&#8221;23&#8243; alignment=&#8221;center&#8221; uncode_shortcode_id=&#8221;107513&#8243;][vc_column_text uncode_shortcode_id=&#8221;824755&#8243;]<\/p>\n<p class=\"p1\" style=\"text-align: center;\">%100 Vegan<\/p>\n<p>[\/vc_column_text][\/vc_column_inner][\/vc_row_inner][vc_empty_space empty_h=&#8221;1&#8243;][vc_row_inner limit_content=&#8221;&#8221;][vc_column_inner column_width_percent=&#8221;100&#8243; align_horizontal=&#8221;align_center&#8221; gutter_size=&#8221;2&#8243; style=&#8221;dark&#8221; overlay_alpha=&#8221;50&#8243; shift_x=&#8221;0&#8243; shift_y=&#8221;0&#8243; shift_y_down=&#8221;0&#8243; z_index=&#8221;0&#8243; medium_width=&#8221;4&#8243; mobile_width=&#8221;0&#8243; width=&#8221;1\/2&#8243; uncode_shortcode_id=&#8221;178921&#8243;][vc_single_image media=&#8221;118747&#8243; media_width_percent=&#8221;23&#8243; alignment=&#8221;center&#8221; uncode_shortcode_id=&#8221;953541&#8243;][vc_column_text uncode_shortcode_id=&#8221;185958&#8243;]<\/p>\n<p class=\"p1\" style=\"text-align: center;\">GDO\u2019suz<\/p>\n<p>[\/vc_column_text][\/vc_column_inner][vc_column_inner column_width_percent=&#8221;100&#8243; align_horizontal=&#8221;align_center&#8221; gutter_size=&#8221;2&#8243; style=&#8221;dark&#8221; overlay_alpha=&#8221;50&#8243; shift_x=&#8221;0&#8243; shift_y=&#8221;0&#8243; shift_y_down=&#8221;0&#8243; z_index=&#8221;0&#8243; medium_width=&#8221;4&#8243; mobile_width=&#8221;0&#8243; width=&#8221;1\/2&#8243; uncode_shortcode_id=&#8221;826007&#8243;][vc_single_image media=&#8221;118977&#8243; media_width_percent=&#8221;23&#8243; alignment=&#8221;center&#8221; uncode_shortcode_id=&#8221;658140&#8243;][vc_column_text uncode_shortcode_id=&#8221;412238&#8243;]<\/p>\n<p class=\"p1\" style=\"text-align: center;\">Koruyucu i\u00e7ermez<\/p>\n<p>[\/vc_column_text][\/vc_column_inner][\/vc_row_inner][vc_row_inner limit_content=&#8221;&#8221;][vc_column_inner column_width_percent=&#8221;100&#8243; align_horizontal=&#8221;align_center&#8221; gutter_size=&#8221;2&#8243; style=&#8221;dark&#8221; overlay_alpha=&#8221;50&#8243; shift_x=&#8221;0&#8243; shift_y=&#8221;0&#8243; shift_y_down=&#8221;0&#8243; z_index=&#8221;0&#8243; medium_width=&#8221;4&#8243; mobile_width=&#8221;0&#8243; width=&#8221;1\/2&#8243; uncode_shortcode_id=&#8221;178921&#8243;][vc_single_image media=&#8221;118748&#8243; media_width_percent=&#8221;17&#8243; alignment=&#8221;center&#8221; uncode_shortcode_id=&#8221;206615&#8243;][vc_column_text uncode_shortcode_id=&#8221;450056&#8243;]<\/p>\n<p style=\"text-align: center;\">Uluslararas\u0131 FSSC 22000 sertifikal\u0131<\/p>\n<p>[\/vc_column_text][\/vc_column_inner][vc_column_inner column_width_percent=&#8221;100&#8243; align_horizontal=&#8221;align_center&#8221; gutter_size=&#8221;2&#8243; style=&#8221;dark&#8221; overlay_alpha=&#8221;50&#8243; shift_x=&#8221;0&#8243; shift_y=&#8221;0&#8243; shift_y_down=&#8221;0&#8243; z_index=&#8221;0&#8243; medium_width=&#8221;4&#8243; mobile_width=&#8221;0&#8243; width=&#8221;1\/2&#8243; uncode_shortcode_id=&#8221;826007&#8243;][\/vc_column_inner][\/vc_row_inner][\/vc_column][\/vc_row][vc_row row_height_percent=&#8221;0&#8243; override_padding=&#8221;yes&#8221; h_padding=&#8221;2&#8243; top_padding=&#8221;2&#8243; bottom_padding=&#8221;4&#8243; back_color=&#8221;color-545879&#8243; overlay_alpha=&#8221;50&#8243; gutter_size=&#8221;3&#8243; column_width_percent=&#8221;100&#8243; shift_y=&#8221;0&#8243; z_index=&#8221;0&#8243; uncode_shortcode_id=&#8221;483307&#8243; back_color_type=&#8221;uncode-palette&#8221;][vc_column column_width_percent=&#8221;100&#8243; align_horizontal=&#8221;align_center&#8221; gutter_size=&#8221;3&#8243; override_padding=&#8221;yes&#8221; column_padding=&#8221;1&#8243; expand_height=&#8221;yes&#8221; style=&#8221;dark&#8221; overlay_alpha=&#8221;50&#8243; shift_x=&#8221;0&#8243; shift_y=&#8221;0&#8243; shift_y_down=&#8221;0&#8243; z_index=&#8221;0&#8243; medium_width=&#8221;0&#8243; mobile_width=&#8221;0&#8243; width=&#8221;1\/1&#8243; uncode_shortcode_id=&#8221;360147&#8243;][vc_separator sep_color=&#8221;color-xsdn&#8221; uncode_shortcode_id=&#8221;139044&#8243; sep_color_type=&#8221;uncode-palette&#8221; el_height=&#8221;1px&#8221;][vc_button button_color=&#8221;color-xsdn&#8221; hover_fx=&#8221;outlined&#8221; outline=&#8221;yes&#8221; custom_typo=&#8221;yes&#8221; font_family=&#8221;font-144102&#8243; font_weight=&#8221;400&#8243; letter_spacing=&#8221;fontspace-210350&#8243; border_width=&#8221;1&#8243; button_color_type=&#8221;uncode-palette&#8221; uncode_shortcode_id=&#8221;193721&#8243; link=&#8221;url:https%3A%2F%2Fwww.shopveggy.com%2Furun%2Fbitki-bazli-schnitzel|target:_blank&#8221;]SATIN AL[\/vc_button][vc_separator sep_color=&#8221;color-xsdn&#8221; uncode_shortcode_id=&#8221;139044&#8243; sep_color_type=&#8221;uncode-palette&#8221; el_height=&#8221;1px&#8221;][vc_empty_space empty_h=&#8221;2&#8243;][vc_tabs typography=&#8221;yes&#8221;][vc_tab gutter_size=&#8221;3&#8243; column_padding=&#8221;2&#8243; title=&#8221;TAR\u0130F \u00d6NER\u0130M\u0130Z&#8221; tab_id=&#8221;1680178901-2-26&#8243;][vc_row_inner limit_content=&#8221;&#8221;][vc_column_inner column_width_percent=&#8221;100&#8243; align_horizontal=&#8221;align_center&#8221; gutter_size=&#8221;3&#8243; style=&#8221;dark&#8221; overlay_alpha=&#8221;50&#8243; shift_x=&#8221;0&#8243; shift_y=&#8221;0&#8243; shift_y_down=&#8221;0&#8243; z_index=&#8221;0&#8243; medium_width=&#8221;0&#8243; mobile_width=&#8221;0&#8243; width=&#8221;1\/1&#8243; uncode_shortcode_id=&#8221;146005&#8243;][vc_column_text text_lead=&#8221;yes&#8221; uncode_shortcode_id=&#8221;428042&#8243;]<\/p>\n<p class=\"p1\" style=\"text-align: center;\">Veggy Bitki Bazl\u0131 Schnitzel Sezar Salata<\/p>\n<p>[\/vc_column_text][vc_separator sep_color=&#8221;color-xsdn&#8221; uncode_shortcode_id=&#8221;198065&#8243; sep_color_type=&#8221;uncode-palette&#8221; el_height=&#8221;1px&#8221;][vc_single_image media=&#8221;120421&#8243; media_width_percent=&#8221;100&#8243; uncode_shortcode_id=&#8221;131098&#8243;][\/vc_column_inner][\/vc_row_inner][vc_row_inner limit_content=&#8221;&#8221;][vc_column_inner column_width_percent=&#8221;100&#8243; gutter_size=&#8221;3&#8243; style=&#8221;dark&#8221; overlay_alpha=&#8221;50&#8243; shift_x=&#8221;0&#8243; shift_y=&#8221;0&#8243; shift_y_down=&#8221;0&#8243; z_index=&#8221;0&#8243; medium_width=&#8221;0&#8243; mobile_width=&#8221;0&#8243; width=&#8221;1\/2&#8243; uncode_shortcode_id=&#8221;672824&#8243;][vc_column_text uncode_shortcode_id=&#8221;579530&#8243;]<\/p>\n<p class=\"p1\"><b>\u0130\u00e7indekiler: <\/b><\/p>\n<ul>\n<li class=\"p1\">Veggy Bitki Bazl\u0131 Schn\u0131tzel<\/li>\n<li class=\"p1\">Marul<\/li>\n<\/ul>\n<p>&nbsp;<\/p>\n<p class=\"p1\"><b>Sezar Sos i\u00e7in: <\/b><\/p>\n<ul>\n<li class=\"p1\">3 yemek ka\u015f\u0131\u011f\u0131 vegan mayonez<\/li>\n<li class=\"p1\">1 tatl\u0131 ka\u015f\u0131\u011f\u0131 hardal<\/li>\n<li class=\"p1\">1 tutam rendelenmi\u015f Veggy Veggurme<\/li>\n<li class=\"p1\">6 adet do\u011franm\u0131\u015f kapari tur\u015fusu<\/li>\n<li class=\"p1\">1 tutam tuz<\/li>\n<li class=\"p1\">1 tatl\u0131 ka\u015f\u0131\u011f\u0131 beyaz sirke<\/li>\n<li class=\"p1\">1 \u00e7ay ka\u015f\u0131\u011f\u0131 limon suyu<\/li>\n<\/ul>\n<p>[\/vc_column_text][\/vc_column_inner][vc_column_inner column_width_percent=&#8221;100&#8243; gutter_size=&#8221;3&#8243; style=&#8221;dark&#8221; overlay_alpha=&#8221;50&#8243; shift_x=&#8221;0&#8243; shift_y=&#8221;0&#8243; shift_y_down=&#8221;0&#8243; z_index=&#8221;0&#8243; medium_width=&#8221;0&#8243; mobile_width=&#8221;0&#8243; width=&#8221;1\/2&#8243; uncode_shortcode_id=&#8221;127971&#8243;][vc_column_text uncode_shortcode_id=&#8221;206872&#8243;]<\/p>\n<p class=\"p1\"><b>Vegan Sezar Sos \u0130\u00e7in: <\/b><\/p>\n<p class=\"p1\">3 yemek ka\u015f\u0131\u011f\u0131 vegan mayonez, 1 tatl\u0131 ka\u015f\u0131\u011f\u0131 hardal, 1 tutam rendelenmi\u015f Veggurme, 6 adet do\u011franm\u0131\u015f kapari tur\u015fusu, 1 tutam tuz, 1 tatl\u0131 ka\u015f\u0131\u011f\u0131 beyaz sirke ve bir \u00e7ay ka\u015f\u0131\u011f\u0131 limon suyu geni\u015f bir kapta kar\u0131\u015ft\u0131r\u0131l\u0131r.<\/p>\n<p>&nbsp;<\/p>\n<p class=\"p1\"><b>Haz\u0131rlan\u0131\u015f\u0131: <\/b><\/p>\n<p class=\"p1\">Sosun kar\u0131\u015ft\u0131r\u0131ld\u0131\u011f\u0131 kab\u0131n i\u00e7erisine elde do\u011franm\u0131\u015f marul eklenir. Sos yedirilinceye kadar kar\u0131\u015ft\u0131r\u0131l\u0131r. Soslanm\u0131\u015f marul, salata kasesine al\u0131n\u0131r. Ard\u0131ndan Bitki Bazl\u0131 Schnitzel 180\u00b0C ya\u011fda 6 dakika k\u0131zart\u0131l\u0131p \u015feritler halinde kesilir ve salatan\u0131n \u00fczerine eklenerek servis edilir. Servis s\u0131ras\u0131nda iste\u011fe ba\u011fl\u0131 \u00fczerine rendelenmi\u015f Veggurme eklenebilir.<\/p>\n<p>[\/vc_column_text][\/vc_column_inner][\/vc_row_inner][\/vc_tab][vc_tab gutter_size=&#8221;3&#8243; column_padding=&#8221;2&#8243; title=&#8221;\u00dcR\u00dcN B\u0130LG\u0130LER\u0130&#8221; tab_id=&#8221;1680178901-1-86&#8243;][vc_row_inner limit_content=&#8221;&#8221;][vc_column_inner column_width_percent=&#8221;65&#8243; gutter_size=&#8221;3&#8243; style=&#8221;dark&#8221; overlay_alpha=&#8221;50&#8243; shift_x=&#8221;0&#8243; shift_y=&#8221;0&#8243; shift_y_down=&#8221;0&#8243; z_index=&#8221;0&#8243; medium_width=&#8221;0&#8243; mobile_width=&#8221;0&#8243; width=&#8221;1\/2&#8243; uncode_shortcode_id=&#8221;181065&#8243;][vc_column_text uncode_shortcode_id=&#8221;195596&#8243;]<\/p>\n<p class=\"p1\"><b>\u0130\u00e7indekiler:<\/b> Su, bitkisel ya\u011f (ay\u00e7i\u00e7ek ya\u011f\u0131), bezelye proteini, gran\u00fcl kaplama (%16) (bu\u011fday unu, tuz, maya ekstrakt\u0131, renklendiriciler (E160b,E100)) ,so\u011fan, bu\u011fday proteini, kaplama s\u0131v\u0131s\u0131 (%4)(bu\u011fday unu, bu\u011fday ni\u015fastas\u0131, tuz, kereviz aromas\u0131, sar\u0131msak aromas\u0131), bitkisel lifli kar\u0131\u015f\u0131m (metil sel\u00fcloz, bezelye lifi), ni\u015fastalar (m\u0131s\u0131r, patates), tuz, do\u011fal aroma vericiler, baharat kar\u0131\u015f\u0131m\u0131, maya ekstrakt\u0131, meyve \u015fekeri, sitrik asit.<\/p>\n<p class=\"p2\"><b>Alerjen: <i>Gluten<\/i><\/b> ve <b><i>kereviz<\/i><\/b> i\u00e7erir. Eser miktarda<b><i> soya, hardal <\/i><\/b>i\u00e7erebilir.<\/p>\n<p>[\/vc_column_text][\/vc_column_inner][vc_column_inner column_width_percent=&#8221;100&#8243; gutter_size=&#8221;3&#8243; style=&#8221;dark&#8221; overlay_alpha=&#8221;50&#8243; shift_x=&#8221;0&#8243; shift_y=&#8221;0&#8243; shift_y_down=&#8221;0&#8243; z_index=&#8221;0&#8243; medium_width=&#8221;0&#8243; mobile_width=&#8221;0&#8243; width=&#8221;1\/2&#8243; uncode_shortcode_id=&#8221;190367&#8243;][vc_column_text uncode_shortcode_id=&#8221;160416&#8243;]<\/p>\n<table class=\"t1\" cellspacing=\"0\" cellpadding=\"0\">\n<tbody>\n<tr>\n<td class=\"td1\" valign=\"middle\">\n<p class=\"p2\">Enerji ve besin de\u011ferleri<\/p>\n<\/td>\n<td class=\"td2\" valign=\"middle\">\n<p class=\"p3\">100 g i\u00e7in<\/p>\n<\/td>\n<\/tr>\n<tr>\n<td class=\"td3\" valign=\"middle\">\n<p class=\"p2\">Enerji (kj\/kcal)<\/p>\n<\/td>\n<td class=\"td4\" valign=\"middle\">\n<p class=\"p3\">1320\/316<\/p>\n<\/td>\n<\/tr>\n<tr>\n<td class=\"td5\" valign=\"middle\">\n<p class=\"p2\">Ya\u011f (g)<\/p>\n<\/td>\n<td class=\"td6\" valign=\"middle\">\n<p class=\"p3\">23,50<\/p>\n<\/td>\n<\/tr>\n<tr>\n<td class=\"td7\" valign=\"middle\">\n<p class=\"p2\">Doymu\u015f Ya\u011f (g)<\/p>\n<\/td>\n<td class=\"td8\" valign=\"middle\">\n<p class=\"p3\">2,82<\/p>\n<\/td>\n<\/tr>\n<tr>\n<td class=\"td5\" valign=\"middle\">\n<p class=\"p2\">Karbonhidrat (g)<\/p>\n<\/td>\n<td class=\"td6\" valign=\"middle\">\n<p class=\"p3\">12,19<\/p>\n<\/td>\n<\/tr>\n<tr>\n<td class=\"td7\" valign=\"middle\">\n<p class=\"p2\">\u015eekerler (g)<\/p>\n<\/td>\n<td class=\"td8\" valign=\"middle\">\n<p class=\"p3\">0,00<\/p>\n<\/td>\n<\/tr>\n<tr>\n<td class=\"td5\" valign=\"middle\">\n<p class=\"p2\">Protein (g)<\/p>\n<\/td>\n<td class=\"td6\" valign=\"middle\">\n<p class=\"p3\">11,73<\/p>\n<\/td>\n<\/tr>\n<tr>\n<td class=\"td7\" valign=\"middle\">\n<p class=\"p2\">Tuz (g)<\/p>\n<\/td>\n<td class=\"td8\" valign=\"middle\">\n<p class=\"p3\">1,41<\/p>\n<\/td>\n<\/tr>\n<\/tbody>\n<\/table>\n<p>[\/vc_column_text][\/vc_column_inner][\/vc_row_inner][\/vc_tab][\/vc_tabs][\/vc_column][\/vc_row]<\/p>\n<\/section>","protected":false},"excerpt":{"rendered":"<p>[vc_row row_height_percent=&#8221;0&#8243; override_padding=&#8221;yes&#8221; h_padding=&#8221;2&#8243; top_padding=&#8221;0&#8243; bottom_padding=&#8221;2&#8243; back_color=&#8221;color-545879&#8243; overlay_alpha=&#8221;50&#8243; gutter_size=&#8221;3&#8243; column_width_percent=&#8221;80&#8243; shift_y=&#8221;0&#8243; z_index=&#8221;0&#8243; auto_height_device=&#8221;yes&#8221; uncode_shortcode_id=&#8221;158499&#8243; back_color_type=&#8221;uncode-palette&#8221;][vc_column column_width_percent=&#8221;70&#8243; position_vertical=&#8221;middle&#8221; align_horizontal=&#8221;align_center&#8221; gutter_size=&#8221;0&#8243; style=&#8221;dark&#8221; [&hellip;]<\/p>\n","protected":false},"author":2,"featured_media":0,"parent":0,"menu_order":0,"comment_status":"closed","ping_status":"closed","template":"","meta":{"_monsterinsights_skip_tracking":false,"_monsterinsights_sitenote_active":false,"_monsterinsights_sitenote_note":"","_monsterinsights_sitenote_category":0,"footnotes":""},"class_list":["post-118994","page","type-page","status-publish","hentry"],"aioseo_notices":[],"_links":{"self":[{"href":"https:\/\/veggy.com.tr\/veggy\/wp-json\/wp\/v2\/pages\/118994","targetHints":{"allow":["GET"]}}],"collection":[{"href":"https:\/\/veggy.com.tr\/veggy\/wp-json\/wp\/v2\/pages"}],"about":[{"href":"https:\/\/veggy.com.tr\/veggy\/wp-json\/wp\/v2\/types\/page"}],"author":[{"embeddable":true,"href":"https:\/\/veggy.com.tr\/veggy\/wp-json\/wp\/v2\/users\/2"}],"replies":[{"embeddable":true,"href":"https:\/\/veggy.com.tr\/veggy\/wp-json\/wp\/v2\/comments?post=118994"}],"version-history":[{"count":9,"href":"https:\/\/veggy.com.tr\/veggy\/wp-json\/wp\/v2\/pages\/118994\/revisions"}],"predecessor-version":[{"id":121180,"href":"https:\/\/veggy.com.tr\/veggy\/wp-json\/wp\/v2\/pages\/118994\/revisions\/121180"}],"wp:attachment":[{"href":"https:\/\/veggy.com.tr\/veggy\/wp-json\/wp\/v2\/media?parent=118994"}],"curies":[{"name":"wp","href":"https:\/\/api.w.org\/{rel}","templated":true}]}}