{"id":118983,"date":"2023-03-31T10:59:27","date_gmt":"2023-03-31T10:59:27","guid":{"rendered":"https:\/\/veggy.com.tr\/veggy\/?page_id=118983"},"modified":"2024-12-11T08:16:51","modified_gmt":"2024-12-11T08:16:51","slug":"bitki-bazli-kofte","status":"publish","type":"page","link":"https:\/\/veggy.com.tr\/veggy\/bitki-bazli-kofte\/","title":{"rendered":"Bitki Bazl\u0131 K\u00f6fte"},"content":{"rendered":"<section class=\"wpb-content-wrapper\"><p>[vc_row row_height_percent=&#8221;0&#8243; override_padding=&#8221;yes&#8221; h_padding=&#8221;2&#8243; top_padding=&#8221;0&#8243; bottom_padding=&#8221;2&#8243; back_color=&#8221;color-545879&#8243; overlay_alpha=&#8221;50&#8243; gutter_size=&#8221;3&#8243; column_width_percent=&#8221;80&#8243; shift_y=&#8221;0&#8243; z_index=&#8221;0&#8243; auto_height_device=&#8221;yes&#8221; uncode_shortcode_id=&#8221;158114&#8243; back_color_type=&#8221;uncode-palette&#8221;][vc_column column_width_percent=&#8221;70&#8243; position_vertical=&#8221;middle&#8221; align_horizontal=&#8221;align_center&#8221; gutter_size=&#8221;0&#8243; style=&#8221;dark&#8221; overlay_alpha=&#8221;0&#8243; shift_x=&#8221;0&#8243; shift_y=&#8221;0&#8243; shift_y_down=&#8221;0&#8243; z_index=&#8221;0&#8243; medium_width=&#8221;0&#8243; mobile_width=&#8221;0&#8243; width=&#8221;1\/1&#8243; uncode_shortcode_id=&#8221;621398&#8243;][\/vc_column][\/vc_row][vc_row row_height_percent=&#8221;0&#8243; override_padding=&#8221;yes&#8221; h_padding=&#8221;2&#8243; top_padding=&#8221;0&#8243; bottom_padding=&#8221;2&#8243; back_color=&#8221;color-545879&#8243; overlay_alpha=&#8221;50&#8243; gutter_size=&#8221;3&#8243; column_width_percent=&#8221;80&#8243; shift_y=&#8221;0&#8243; z_index=&#8221;0&#8243; medium_visibility=&#8221;yes&#8221; mobile_visibility=&#8221;yes&#8221; auto_height_device=&#8221;yes&#8221; uncode_shortcode_id=&#8221;478253&#8243; back_color_type=&#8221;uncode-palette&#8221;][vc_column column_width_percent=&#8221;70&#8243; align_horizontal=&#8221;align_center&#8221; gutter_size=&#8221;0&#8243; style=&#8221;dark&#8221; overlay_alpha=&#8221;0&#8243; shift_x=&#8221;0&#8243; shift_y=&#8221;0&#8243; shift_y_down=&#8221;0&#8243; z_index=&#8221;0&#8243; medium_width=&#8221;0&#8243; mobile_width=&#8221;0&#8243; width=&#8221;1\/2&#8243; uncode_shortcode_id=&#8221;165600&#8243;][vc_single_image media=&#8221;120702&#8243; media_width_percent=&#8221;100&#8243; alignment=&#8221;center&#8221; css_animation=&#8221;alpha-anim&#8221; uncode_shortcode_id=&#8221;168765&#8243;][\/vc_column][vc_column column_width_percent=&#8221;100&#8243; gutter_size=&#8221;3&#8243; style=&#8221;dark&#8221; overlay_alpha=&#8221;50&#8243; shift_x=&#8221;0&#8243; shift_y=&#8221;0&#8243; shift_y_down=&#8221;0&#8243; z_index=&#8221;0&#8243; medium_width=&#8221;0&#8243; mobile_width=&#8221;0&#8243; width=&#8221;1\/2&#8243; uncode_shortcode_id=&#8221;130531&#8243;][vc_column_text text_color=&#8221;color-xsdn&#8221; uncode_shortcode_id=&#8221;361010&#8243; text_color_type=&#8221;uncode-palette&#8221;]<\/p>\n<h5 style=\"text-align: left;\"><span class=\"font-144102\">B\u0130TK\u0130 BAZLI K\u00d6FTE<\/span><\/h5>\n<p>[\/vc_column_text][vc_column_text uncode_shortcode_id=&#8221;898025&#8243;]<\/p>\n<p class=\"p1\">Anne k\u00f6ftesinden tek fark\u0131 tamamen bitkisel olmas\u0131. Dokusuyla, kokusuyla lezzetiyle eti aratmayacak.<\/p>\n<p>[\/vc_column_text][vc_row_inner limit_content=&#8221;&#8221;][vc_column_inner column_width_percent=&#8221;100&#8243; align_horizontal=&#8221;align_center&#8221; gutter_size=&#8221;2&#8243; style=&#8221;dark&#8221; overlay_alpha=&#8221;50&#8243; shift_x=&#8221;0&#8243; shift_y=&#8221;0&#8243; shift_y_down=&#8221;0&#8243; z_index=&#8221;0&#8243; medium_width=&#8221;0&#8243; mobile_width=&#8221;0&#8243; width=&#8221;1\/2&#8243; uncode_shortcode_id=&#8221;216205&#8243;][vc_single_image media=&#8221;118741&#8243; media_width_percent=&#8221;23&#8243; alignment=&#8221;center&#8221; uncode_shortcode_id=&#8221;170870&#8243;][vc_column_text uncode_shortcode_id=&#8221;685984&#8243;]<\/p>\n<p class=\"p1\" style=\"text-align: center;\">Protein Kayna\u011f\u0131<\/p>\n<p>[\/vc_column_text][\/vc_column_inner][vc_column_inner column_width_percent=&#8221;100&#8243; align_horizontal=&#8221;align_center&#8221; gutter_size=&#8221;2&#8243; style=&#8221;dark&#8221; overlay_alpha=&#8221;50&#8243; shift_x=&#8221;0&#8243; shift_y=&#8221;0&#8243; shift_y_down=&#8221;0&#8243; z_index=&#8221;0&#8243; medium_width=&#8221;0&#8243; mobile_width=&#8221;0&#8243; width=&#8221;1\/2&#8243; uncode_shortcode_id=&#8221;149705&#8243;][vc_single_image media=&#8221;118959&#8243; media_width_percent=&#8221;23&#8243; alignment=&#8221;center&#8221; uncode_shortcode_id=&#8221;107513&#8243;][vc_column_text uncode_shortcode_id=&#8221;824755&#8243;]<\/p>\n<p class=\"p1\" style=\"text-align: center;\">%100 Vegan<\/p>\n<p>[\/vc_column_text][\/vc_column_inner][\/vc_row_inner][vc_empty_space empty_h=&#8221;1&#8243;][vc_row_inner limit_content=&#8221;&#8221;][vc_column_inner column_width_percent=&#8221;50&#8243; position_horizontal=&#8221;left&#8221; gutter_size=&#8221;2&#8243; style=&#8221;dark&#8221; overlay_alpha=&#8221;50&#8243; shift_x=&#8221;0&#8243; shift_y=&#8221;0&#8243; shift_y_down=&#8221;0&#8243; z_index=&#8221;0&#8243; medium_width=&#8221;0&#8243; mobile_width=&#8221;0&#8243; width=&#8221;1\/2&#8243; uncode_shortcode_id=&#8221;767968&#8243;][vc_single_image media=&#8221;118977&#8243; media_width_percent=&#8221;23&#8243; alignment=&#8221;center&#8221; uncode_shortcode_id=&#8221;138376&#8243;][vc_column_text uncode_shortcode_id=&#8221;137321&#8243;]<\/p>\n<p class=\"p1\" style=\"text-align: center;\">Koruyucu i\u00e7ermez<\/p>\n<p>[\/vc_column_text][\/vc_column_inner][\/vc_row_inner][\/vc_column][\/vc_row][vc_row row_height_percent=&#8221;0&#8243; override_padding=&#8221;yes&#8221; h_padding=&#8221;2&#8243; top_padding=&#8221;0&#8243; bottom_padding=&#8221;2&#8243; back_color=&#8221;color-545879&#8243; overlay_alpha=&#8221;50&#8243; gutter_size=&#8221;3&#8243; column_width_percent=&#8221;80&#8243; shift_y=&#8221;0&#8243; z_index=&#8221;0&#8243; desktop_visibility=&#8221;yes&#8221; auto_height_device=&#8221;yes&#8221; uncode_shortcode_id=&#8221;187078&#8243; back_color_type=&#8221;uncode-palette&#8221;][vc_column column_width_percent=&#8221;70&#8243; align_horizontal=&#8221;align_center&#8221; gutter_size=&#8221;0&#8243; style=&#8221;dark&#8221; overlay_alpha=&#8221;0&#8243; shift_x=&#8221;0&#8243; shift_y=&#8221;0&#8243; shift_y_down=&#8221;0&#8243; z_index=&#8221;0&#8243; medium_width=&#8221;4&#8243; mobile_width=&#8221;0&#8243; width=&#8221;1\/2&#8243; uncode_shortcode_id=&#8221;101001&#8243;][vc_single_image media=&#8221;120702&#8243; media_width_percent=&#8221;100&#8243; alignment=&#8221;center&#8221; css_animation=&#8221;alpha-anim&#8221; uncode_shortcode_id=&#8221;183329&#8243;][\/vc_column][vc_column column_width_percent=&#8221;100&#8243; gutter_size=&#8221;3&#8243; style=&#8221;dark&#8221; overlay_alpha=&#8221;50&#8243; shift_x=&#8221;0&#8243; shift_y=&#8221;0&#8243; shift_y_down=&#8221;0&#8243; z_index=&#8221;0&#8243; medium_width=&#8221;4&#8243; mobile_width=&#8221;0&#8243; width=&#8221;1\/2&#8243; uncode_shortcode_id=&#8221;669449&#8243;][vc_column_text text_color=&#8221;color-xsdn&#8221; uncode_shortcode_id=&#8221;174059&#8243; text_color_type=&#8221;uncode-palette&#8221;]<\/p>\n<h5 style=\"text-align: left;\"><span class=\"font-144102\">B\u0130TK\u0130 BAZLI K\u00d6FTE<\/span><\/h5>\n<p>[\/vc_column_text][vc_column_text uncode_shortcode_id=&#8221;386784&#8243;]<\/p>\n<p class=\"p1\">Anne k\u00f6ftesinden tek fark\u0131 tamamen bitkisel olmas\u0131. Dokusuyla, kokusuyla lezzetiyle eti aratmayacak.<\/p>\n<p>[\/vc_column_text][vc_row_inner limit_content=&#8221;&#8221;][vc_column_inner column_width_percent=&#8221;100&#8243; align_horizontal=&#8221;align_center&#8221; gutter_size=&#8221;2&#8243; style=&#8221;dark&#8221; overlay_alpha=&#8221;50&#8243; shift_x=&#8221;0&#8243; shift_y=&#8221;0&#8243; shift_y_down=&#8221;0&#8243; z_index=&#8221;0&#8243; medium_width=&#8221;4&#8243; mobile_width=&#8221;0&#8243; width=&#8221;1\/2&#8243; uncode_shortcode_id=&#8221;345191&#8243;][vc_single_image media=&#8221;118741&#8243; media_width_percent=&#8221;23&#8243; alignment=&#8221;center&#8221; uncode_shortcode_id=&#8221;173105&#8243;][vc_column_text uncode_shortcode_id=&#8221;161903&#8243;]<\/p>\n<p class=\"p1\" style=\"text-align: center;\">14 gr. Protein \/ 100gr.<\/p>\n<p>[\/vc_column_text][\/vc_column_inner][vc_column_inner column_width_percent=&#8221;100&#8243; align_horizontal=&#8221;align_center&#8221; gutter_size=&#8221;2&#8243; style=&#8221;dark&#8221; overlay_alpha=&#8221;50&#8243; shift_x=&#8221;0&#8243; shift_y=&#8221;0&#8243; shift_y_down=&#8221;0&#8243; z_index=&#8221;0&#8243; medium_width=&#8221;4&#8243; mobile_width=&#8221;0&#8243; width=&#8221;1\/2&#8243; uncode_shortcode_id=&#8221;772000&#8243;][vc_single_image media=&#8221;118959&#8243; media_width_percent=&#8221;23&#8243; alignment=&#8221;center&#8221; uncode_shortcode_id=&#8221;107513&#8243;][vc_column_text uncode_shortcode_id=&#8221;824755&#8243;]<\/p>\n<p class=\"p1\" style=\"text-align: center;\">%100 Vegan<\/p>\n<p>[\/vc_column_text][\/vc_column_inner][\/vc_row_inner][vc_empty_space empty_h=&#8221;1&#8243;][vc_row_inner limit_content=&#8221;&#8221;][vc_column_inner column_width_percent=&#8221;100&#8243; align_horizontal=&#8221;align_center&#8221; gutter_size=&#8221;2&#8243; style=&#8221;dark&#8221; overlay_alpha=&#8221;50&#8243; shift_x=&#8221;0&#8243; shift_y=&#8221;0&#8243; shift_y_down=&#8221;0&#8243; z_index=&#8221;0&#8243; medium_width=&#8221;4&#8243; mobile_width=&#8221;0&#8243; width=&#8221;1\/2&#8243; uncode_shortcode_id=&#8221;178921&#8243;][vc_single_image media=&#8221;118747&#8243; media_width_percent=&#8221;23&#8243; alignment=&#8221;center&#8221; uncode_shortcode_id=&#8221;953541&#8243;][vc_column_text uncode_shortcode_id=&#8221;185958&#8243;]<\/p>\n<p class=\"p1\" style=\"text-align: center;\">GDO\u2019suz<\/p>\n<p>[\/vc_column_text][\/vc_column_inner][vc_column_inner column_width_percent=&#8221;100&#8243; align_horizontal=&#8221;align_center&#8221; gutter_size=&#8221;2&#8243; style=&#8221;dark&#8221; overlay_alpha=&#8221;50&#8243; shift_x=&#8221;0&#8243; shift_y=&#8221;0&#8243; shift_y_down=&#8221;0&#8243; z_index=&#8221;0&#8243; medium_width=&#8221;4&#8243; mobile_width=&#8221;0&#8243; width=&#8221;1\/2&#8243; uncode_shortcode_id=&#8221;826007&#8243;][vc_single_image media=&#8221;118977&#8243; media_width_percent=&#8221;17&#8243; alignment=&#8221;center&#8221; uncode_shortcode_id=&#8221;125468&#8243;][vc_column_text uncode_shortcode_id=&#8221;412238&#8243;]<\/p>\n<p class=\"p1\" style=\"text-align: center;\">Koruyucu i\u00e7ermez<\/p>\n<p>[\/vc_column_text][\/vc_column_inner][\/vc_row_inner][vc_row_inner limit_content=&#8221;&#8221;][vc_column_inner column_width_percent=&#8221;100&#8243; align_horizontal=&#8221;align_center&#8221; gutter_size=&#8221;2&#8243; style=&#8221;dark&#8221; overlay_alpha=&#8221;50&#8243; shift_x=&#8221;0&#8243; shift_y=&#8221;0&#8243; shift_y_down=&#8221;0&#8243; z_index=&#8221;0&#8243; medium_width=&#8221;4&#8243; mobile_width=&#8221;0&#8243; width=&#8221;1\/2&#8243; uncode_shortcode_id=&#8221;178921&#8243;][vc_single_image media=&#8221;118748&#8243; media_width_percent=&#8221;17&#8243; alignment=&#8221;center&#8221; uncode_shortcode_id=&#8221;206615&#8243;][vc_column_text uncode_shortcode_id=&#8221;450056&#8243;]<\/p>\n<p style=\"text-align: center;\">Uluslararas\u0131 FSSC 22000 sertifikal\u0131<\/p>\n<p>[\/vc_column_text][\/vc_column_inner][vc_column_inner column_width_percent=&#8221;100&#8243; align_horizontal=&#8221;align_center&#8221; gutter_size=&#8221;2&#8243; style=&#8221;dark&#8221; overlay_alpha=&#8221;50&#8243; shift_x=&#8221;0&#8243; shift_y=&#8221;0&#8243; shift_y_down=&#8221;0&#8243; z_index=&#8221;0&#8243; medium_width=&#8221;4&#8243; mobile_width=&#8221;0&#8243; width=&#8221;1\/2&#8243; uncode_shortcode_id=&#8221;826007&#8243;][\/vc_column_inner][\/vc_row_inner][\/vc_column][\/vc_row][vc_row row_height_percent=&#8221;0&#8243; override_padding=&#8221;yes&#8221; h_padding=&#8221;2&#8243; top_padding=&#8221;2&#8243; bottom_padding=&#8221;4&#8243; back_color=&#8221;color-545879&#8243; overlay_alpha=&#8221;50&#8243; gutter_size=&#8221;3&#8243; column_width_percent=&#8221;100&#8243; shift_y=&#8221;0&#8243; z_index=&#8221;0&#8243; uncode_shortcode_id=&#8221;137184&#8243; back_color_type=&#8221;uncode-palette&#8221;][vc_column column_width_percent=&#8221;100&#8243; align_horizontal=&#8221;align_center&#8221; gutter_size=&#8221;3&#8243; override_padding=&#8221;yes&#8221; column_padding=&#8221;1&#8243; expand_height=&#8221;yes&#8221; style=&#8221;dark&#8221; overlay_alpha=&#8221;50&#8243; shift_x=&#8221;0&#8243; shift_y=&#8221;0&#8243; shift_y_down=&#8221;0&#8243; z_index=&#8221;0&#8243; medium_width=&#8221;0&#8243; mobile_width=&#8221;0&#8243; width=&#8221;1\/1&#8243; uncode_shortcode_id=&#8221;360147&#8243;][vc_separator sep_color=&#8221;color-xsdn&#8221; uncode_shortcode_id=&#8221;139044&#8243; sep_color_type=&#8221;uncode-palette&#8221; el_height=&#8221;1px&#8221;][vc_button button_color=&#8221;color-xsdn&#8221; hover_fx=&#8221;outlined&#8221; outline=&#8221;yes&#8221; custom_typo=&#8221;yes&#8221; font_family=&#8221;font-144102&#8243; font_weight=&#8221;400&#8243; letter_spacing=&#8221;fontspace-210350&#8243; border_width=&#8221;1&#8243; button_color_type=&#8221;uncode-palette&#8221; uncode_shortcode_id=&#8221;339102&#8243; link=&#8221;url:https%3A%2F%2Fwww.shopveggy.com%2Furun%2Fbitki-bazli-kofte|target:_blank&#8221;]SATIN AL[\/vc_button][vc_separator sep_color=&#8221;color-xsdn&#8221; uncode_shortcode_id=&#8221;139044&#8243; sep_color_type=&#8221;uncode-palette&#8221; el_height=&#8221;1px&#8221;][vc_empty_space empty_h=&#8221;2&#8243;][vc_tabs typography=&#8221;yes&#8221;][vc_tab gutter_size=&#8221;3&#8243; column_padding=&#8221;2&#8243; title=&#8221;TAR\u0130F \u00d6NER\u0130M\u0130Z&#8221; tab_id=&#8221;1680178901-2-26&#8243;][vc_row_inner limit_content=&#8221;&#8221;][vc_column_inner column_width_percent=&#8221;100&#8243; align_horizontal=&#8221;align_center&#8221; gutter_size=&#8221;3&#8243; style=&#8221;dark&#8221; overlay_alpha=&#8221;50&#8243; shift_x=&#8221;0&#8243; shift_y=&#8221;0&#8243; shift_y_down=&#8221;0&#8243; z_index=&#8221;0&#8243; medium_width=&#8221;0&#8243; mobile_width=&#8221;0&#8243; width=&#8221;1\/1&#8243; uncode_shortcode_id=&#8221;146005&#8243;][vc_column_text text_lead=&#8221;yes&#8221; uncode_shortcode_id=&#8221;150008&#8243;]<\/p>\n<p class=\"p1\" style=\"text-align: center;\">Veggy Bitki Bazl\u0131 K\u00f6fte Taba\u011f\u0131<\/p>\n<p>[\/vc_column_text][vc_separator sep_color=&#8221;color-xsdn&#8221; uncode_shortcode_id=&#8221;198065&#8243; sep_color_type=&#8221;uncode-palette&#8221; el_height=&#8221;1px&#8221;][vc_single_image media=&#8221;120408&#8243; media_width_percent=&#8221;100&#8243; uncode_shortcode_id=&#8221;409537&#8243;][\/vc_column_inner][\/vc_row_inner][vc_row_inner limit_content=&#8221;&#8221;][vc_column_inner column_width_percent=&#8221;100&#8243; gutter_size=&#8221;3&#8243; style=&#8221;dark&#8221; overlay_alpha=&#8221;50&#8243; shift_x=&#8221;0&#8243; shift_y=&#8221;0&#8243; shift_y_down=&#8221;0&#8243; z_index=&#8221;0&#8243; medium_width=&#8221;0&#8243; mobile_width=&#8221;0&#8243; width=&#8221;1\/2&#8243; uncode_shortcode_id=&#8221;672824&#8243;][vc_column_text uncode_shortcode_id=&#8221;107941&#8243;]<\/p>\n<p class=\"p1\"><b>\u0130\u00e7indekiler:<\/b><\/p>\n<ul>\n<li class=\"p1\">Veggy Bitki Bazl\u0131 K\u00f6fte<\/li>\n<li class=\"p1\">Taze ku\u015fkonmaz<\/li>\n<li class=\"p1\">Sar\u0131 domates<\/li>\n<li class=\"p1\">Beyaz tr\u00fcf ya\u011f\u0131<\/li>\n<li class=\"p1\">Taze fesle\u011fen<\/li>\n<li class=\"p1\">Baby sar\u0131 kabak<\/li>\n<li class=\"p1\">Baby havu\u00e7<\/li>\n<li class=\"p1\">Ku\u015fkonmaz<\/li>\n<\/ul>\n<p>[\/vc_column_text][\/vc_column_inner][vc_column_inner column_width_percent=&#8221;100&#8243; gutter_size=&#8221;3&#8243; style=&#8221;dark&#8221; overlay_alpha=&#8221;50&#8243; shift_x=&#8221;0&#8243; shift_y=&#8221;0&#8243; shift_y_down=&#8221;0&#8243; z_index=&#8221;0&#8243; medium_width=&#8221;0&#8243; mobile_width=&#8221;0&#8243; width=&#8221;1\/2&#8243; uncode_shortcode_id=&#8221;127971&#8243;][vc_column_text uncode_shortcode_id=&#8221;147601&#8243;]<\/p>\n<p class=\"p1\">Baby kabak, baby havu\u00e7 ve ku\u015fkonmaz do\u011frand\u0131ktan sonra ha\u015flan\u0131r, ard\u0131ndan hafif ya\u011fl\u0131 tavada sar\u0131 cherry domates ve taze fesle\u011fen eklenerek sotelenir (damak tad\u0131na g\u00f6re baharatland\u0131r\u0131l\u0131r). Servis s\u0131ras\u0131nda tercihe g\u00f6re hafif tr\u00fcf ya\u011f\u0131 ile aromaland\u0131r\u0131l\u0131r. Bitki bazl\u0131 k\u00f6fte orta ate\u015fte hafif ya\u011fl\u0131 tavada 6 dakika pi\u015firilir. Ard\u0131ndan alt tabana sebze gelecek \u015fekilde konularak k\u00f6fte taba\u011f\u0131 servis edilir.<\/p>\n<p>[\/vc_column_text][\/vc_column_inner][\/vc_row_inner][\/vc_tab][vc_tab gutter_size=&#8221;3&#8243; column_padding=&#8221;2&#8243; title=&#8221;\u00dcR\u00dcN B\u0130LG\u0130LER\u0130&#8221; tab_id=&#8221;1680178901-1-86&#8243;][vc_row_inner limit_content=&#8221;&#8221;][vc_column_inner column_width_percent=&#8221;65&#8243; gutter_size=&#8221;3&#8243; style=&#8221;dark&#8221; overlay_alpha=&#8221;50&#8243; shift_x=&#8221;0&#8243; shift_y=&#8221;0&#8243; shift_y_down=&#8221;0&#8243; z_index=&#8221;0&#8243; medium_width=&#8221;0&#8243; mobile_width=&#8221;0&#8243; width=&#8221;1\/2&#8243; uncode_shortcode_id=&#8221;181065&#8243;][vc_column_text uncode_shortcode_id=&#8221;637845&#8243;]<\/p>\n<p class=\"p1\"><b>\u0130\u00e7indekiler:<\/b> Su, bezelye proteini, bitkisel ya\u011f (hindistan cevizi, ay\u00e7i\u00e7ek ya\u011f\u0131), so\u011fan, hacim artt\u0131r\u0131c\u0131 (hidroksipropilmetil seluloz),<span class=\"Apple-converted-space\">\u00a0 <\/span>do\u011fal aroma vericiler, bitkisel lif (bezelye), baharat kar\u0131\u015f\u0131m\u0131, maydanoz, renklendirici maddeler (pancar konsantresi, karamelize \u015feker, turuncu havu\u00e7 konsantresi), sar\u0131msak, maya ekstrakt\u0131, elmasuyu konsantresi, asitlik d\u00fczenleyici (sitrik asit).<\/p>\n<p class=\"p2\"><b>Alerjen: <\/b>Eser miktarda<b><i> soya, gluten, hardal <\/i><\/b>ve <b><i>kereviz<\/i><\/b> i\u00e7erebilir.<\/p>\n<p>[\/vc_column_text][\/vc_column_inner][vc_column_inner column_width_percent=&#8221;100&#8243; gutter_size=&#8221;3&#8243; style=&#8221;dark&#8221; overlay_alpha=&#8221;50&#8243; shift_x=&#8221;0&#8243; shift_y=&#8221;0&#8243; shift_y_down=&#8221;0&#8243; z_index=&#8221;0&#8243; medium_width=&#8221;0&#8243; mobile_width=&#8221;0&#8243; width=&#8221;1\/2&#8243; uncode_shortcode_id=&#8221;190367&#8243;][vc_column_text uncode_shortcode_id=&#8221;132906&#8243;]<\/p>\n<table class=\"t1\" cellspacing=\"0\" cellpadding=\"0\">\n<tbody>\n<tr>\n<td class=\"td1\" valign=\"middle\">\n<p class=\"p1\">Enerji ve besin \u00f6\u011feleri<\/p>\n<\/td>\n<td class=\"td2\" valign=\"middle\">\n<p class=\"p2\">100 g i\u00e7in<\/p>\n<\/td>\n<\/tr>\n<tr>\n<td class=\"td3\" valign=\"middle\">\n<p class=\"p1\">Enerji (kj\/kcal)<\/p>\n<\/td>\n<td class=\"td4\" valign=\"bottom\">\n<p class=\"p2\">816\/197<\/p>\n<\/td>\n<\/tr>\n<tr>\n<td class=\"td1\" valign=\"middle\">\n<p class=\"p1\">Ya\u011f (g)<\/p>\n<\/td>\n<td class=\"td2\" valign=\"middle\">\n<p class=\"p2\">12,00<\/p>\n<\/td>\n<\/tr>\n<tr>\n<td class=\"td3\" valign=\"middle\">\n<p class=\"p1\">-Doymu\u015f Ya\u011f (g)<\/p>\n<\/td>\n<td class=\"td4\" valign=\"middle\">\n<p class=\"p2\">1,20<\/p>\n<\/td>\n<\/tr>\n<tr>\n<td class=\"td1\" valign=\"middle\">\n<p class=\"p1\">Karbonhidrat (g)<\/p>\n<\/td>\n<td class=\"td2\" valign=\"middle\">\n<p class=\"p2\">8,00<\/p>\n<\/td>\n<\/tr>\n<tr>\n<td class=\"td3\" valign=\"middle\">\n<p class=\"p1\">-\u015eekerler (g)<\/p>\n<\/td>\n<td class=\"td4\" valign=\"middle\">\n<p class=\"p2\">1,10<\/p>\n<\/td>\n<\/tr>\n<tr>\n<td class=\"td1\" valign=\"middle\">\n<p class=\"p1\">Protein (g)<\/p>\n<\/td>\n<td class=\"td2\" valign=\"middle\">\n<p class=\"p2\">12,00<\/p>\n<\/td>\n<\/tr>\n<tr>\n<td class=\"td3\" valign=\"middle\">\n<p class=\"p1\">Tuz (g)<\/p>\n<\/td>\n<td class=\"td4\" valign=\"middle\">\n<p class=\"p2\">1,50<\/p>\n<\/td>\n<\/tr>\n<\/tbody>\n<\/table>\n<p>[\/vc_column_text][\/vc_column_inner][\/vc_row_inner][\/vc_tab][\/vc_tabs][\/vc_column][\/vc_row]<\/p>\n<\/section>","protected":false},"excerpt":{"rendered":"<p>[vc_row row_height_percent=&#8221;0&#8243; override_padding=&#8221;yes&#8221; h_padding=&#8221;2&#8243; top_padding=&#8221;0&#8243; bottom_padding=&#8221;2&#8243; back_color=&#8221;color-545879&#8243; overlay_alpha=&#8221;50&#8243; gutter_size=&#8221;3&#8243; column_width_percent=&#8221;80&#8243; shift_y=&#8221;0&#8243; z_index=&#8221;0&#8243; auto_height_device=&#8221;yes&#8221; uncode_shortcode_id=&#8221;158114&#8243; back_color_type=&#8221;uncode-palette&#8221;][vc_column column_width_percent=&#8221;70&#8243; position_vertical=&#8221;middle&#8221; align_horizontal=&#8221;align_center&#8221; gutter_size=&#8221;0&#8243; style=&#8221;dark&#8221; [&hellip;]<\/p>\n","protected":false},"author":2,"featured_media":0,"parent":0,"menu_order":0,"comment_status":"closed","ping_status":"closed","template":"","meta":{"_monsterinsights_skip_tracking":false,"_monsterinsights_sitenote_active":false,"_monsterinsights_sitenote_note":"","_monsterinsights_sitenote_category":0,"footnotes":""},"class_list":["post-118983","page","type-page","status-publish","hentry"],"aioseo_notices":[],"_links":{"self":[{"href":"https:\/\/veggy.com.tr\/veggy\/wp-json\/wp\/v2\/pages\/118983","targetHints":{"allow":["GET"]}}],"collection":[{"href":"https:\/\/veggy.com.tr\/veggy\/wp-json\/wp\/v2\/pages"}],"about":[{"href":"https:\/\/veggy.com.tr\/veggy\/wp-json\/wp\/v2\/types\/page"}],"author":[{"embeddable":true,"href":"https:\/\/veggy.com.tr\/veggy\/wp-json\/wp\/v2\/users\/2"}],"replies":[{"embeddable":true,"href":"https:\/\/veggy.com.tr\/veggy\/wp-json\/wp\/v2\/comments?post=118983"}],"version-history":[{"count":12,"href":"https:\/\/veggy.com.tr\/veggy\/wp-json\/wp\/v2\/pages\/118983\/revisions"}],"predecessor-version":[{"id":121178,"href":"https:\/\/veggy.com.tr\/veggy\/wp-json\/wp\/v2\/pages\/118983\/revisions\/121178"}],"wp:attachment":[{"href":"https:\/\/veggy.com.tr\/veggy\/wp-json\/wp\/v2\/media?parent=118983"}],"curies":[{"name":"wp","href":"https:\/\/api.w.org\/{rel}","templated":true}]}}