{"id":118973,"date":"2023-03-31T10:28:54","date_gmt":"2023-03-31T10:28:54","guid":{"rendered":"https:\/\/veggy.com.tr\/veggy\/?page_id=118973"},"modified":"2024-12-11T08:11:19","modified_gmt":"2024-12-11T08:11:19","slug":"bitki-bazli-burger","status":"publish","type":"page","link":"https:\/\/veggy.com.tr\/veggy\/bitki-bazli-burger\/","title":{"rendered":"Bitki Bazl\u0131 Burger"},"content":{"rendered":"<section class=\"wpb-content-wrapper\"><p>[vc_row row_height_percent=&#8221;0&#8243; override_padding=&#8221;yes&#8221; h_padding=&#8221;2&#8243; top_padding=&#8221;0&#8243; bottom_padding=&#8221;2&#8243; back_color=&#8221;color-545879&#8243; overlay_alpha=&#8221;50&#8243; gutter_size=&#8221;3&#8243; column_width_percent=&#8221;80&#8243; shift_y=&#8221;0&#8243; z_index=&#8221;0&#8243; auto_height_device=&#8221;yes&#8221; uncode_shortcode_id=&#8221;513629&#8243; back_color_type=&#8221;uncode-palette&#8221;][vc_column column_width_percent=&#8221;70&#8243; position_vertical=&#8221;middle&#8221; align_horizontal=&#8221;align_center&#8221; gutter_size=&#8221;0&#8243; style=&#8221;dark&#8221; overlay_alpha=&#8221;0&#8243; shift_x=&#8221;0&#8243; shift_y=&#8221;0&#8243; shift_y_down=&#8221;0&#8243; z_index=&#8221;0&#8243; medium_width=&#8221;0&#8243; mobile_width=&#8221;0&#8243; width=&#8221;1\/1&#8243; uncode_shortcode_id=&#8221;621398&#8243;][\/vc_column][\/vc_row][vc_row row_height_percent=&#8221;0&#8243; override_padding=&#8221;yes&#8221; h_padding=&#8221;2&#8243; top_padding=&#8221;0&#8243; bottom_padding=&#8221;2&#8243; back_color=&#8221;color-545879&#8243; overlay_alpha=&#8221;50&#8243; gutter_size=&#8221;3&#8243; column_width_percent=&#8221;80&#8243; shift_y=&#8221;0&#8243; z_index=&#8221;0&#8243; medium_visibility=&#8221;yes&#8221; mobile_visibility=&#8221;yes&#8221; auto_height_device=&#8221;yes&#8221; uncode_shortcode_id=&#8221;167088&#8243; back_color_type=&#8221;uncode-palette&#8221;][vc_column column_width_percent=&#8221;70&#8243; align_horizontal=&#8221;align_center&#8221; gutter_size=&#8221;0&#8243; style=&#8221;dark&#8221; overlay_alpha=&#8221;0&#8243; shift_x=&#8221;0&#8243; shift_y=&#8221;0&#8243; shift_y_down=&#8221;0&#8243; z_index=&#8221;0&#8243; medium_width=&#8221;0&#8243; mobile_width=&#8221;0&#8243; width=&#8221;1\/2&#8243; uncode_shortcode_id=&#8221;628177&#8243;][vc_single_image media=&#8221;120698&#8243; media_width_percent=&#8221;100&#8243; alignment=&#8221;center&#8221; css_animation=&#8221;alpha-anim&#8221; uncode_shortcode_id=&#8221;730661&#8243;][\/vc_column][vc_column column_width_percent=&#8221;100&#8243; gutter_size=&#8221;3&#8243; style=&#8221;dark&#8221; overlay_alpha=&#8221;50&#8243; shift_x=&#8221;0&#8243; shift_y=&#8221;0&#8243; shift_y_down=&#8221;0&#8243; z_index=&#8221;0&#8243; medium_width=&#8221;0&#8243; mobile_width=&#8221;0&#8243; width=&#8221;1\/2&#8243; uncode_shortcode_id=&#8221;130531&#8243;][vc_column_text text_color=&#8221;color-xsdn&#8221; uncode_shortcode_id=&#8221;175171&#8243; text_color_type=&#8221;uncode-palette&#8221;]<\/p>\n<h5 style=\"text-align: left;\"><span class=\"font-144102\">B\u0130TK\u0130 BAZLI BURGER<\/span><\/h5>\n<p>[\/vc_column_text][vc_column_text uncode_shortcode_id=&#8221;851516&#8243;]<\/p>\n<p class=\"p1\">Ger\u00e7ek bir hamburger keyfi i\u00e7in c\u0131z\u0131r c\u0131z\u0131r k\u0131zarm\u0131\u015f bir hamburger k\u00f6ftesi. \u00dcstelik tamamen bitkisel. Bizce ger\u00e7ek olamayacak kadar g\u00fczel!<\/p>\n<p>[\/vc_column_text][vc_row_inner limit_content=&#8221;&#8221;][vc_column_inner column_width_percent=&#8221;100&#8243; align_horizontal=&#8221;align_center&#8221; gutter_size=&#8221;2&#8243; style=&#8221;dark&#8221; overlay_alpha=&#8221;50&#8243; shift_x=&#8221;0&#8243; shift_y=&#8221;0&#8243; shift_y_down=&#8221;0&#8243; z_index=&#8221;0&#8243; medium_width=&#8221;0&#8243; mobile_width=&#8221;0&#8243; width=&#8221;1\/2&#8243; uncode_shortcode_id=&#8221;216205&#8243;][vc_single_image media=&#8221;118977&#8243; media_width_percent=&#8221;23&#8243; alignment=&#8221;center&#8221; uncode_shortcode_id=&#8221;313535&#8243;][vc_column_text uncode_shortcode_id=&#8221;189846&#8243;]<\/p>\n<p class=\"p1\" style=\"text-align: center;\">Koruyucu i\u00e7ermez<\/p>\n<p>[\/vc_column_text][\/vc_column_inner][vc_column_inner column_width_percent=&#8221;100&#8243; align_horizontal=&#8221;align_center&#8221; gutter_size=&#8221;2&#8243; style=&#8221;dark&#8221; overlay_alpha=&#8221;50&#8243; shift_x=&#8221;0&#8243; shift_y=&#8221;0&#8243; shift_y_down=&#8221;0&#8243; z_index=&#8221;0&#8243; medium_width=&#8221;0&#8243; mobile_width=&#8221;0&#8243; width=&#8221;1\/2&#8243; uncode_shortcode_id=&#8221;149705&#8243;][vc_single_image media=&#8221;118959&#8243; media_width_percent=&#8221;23&#8243; alignment=&#8221;center&#8221; uncode_shortcode_id=&#8221;107513&#8243;][vc_column_text uncode_shortcode_id=&#8221;824755&#8243;]<\/p>\n<p class=\"p1\" style=\"text-align: center;\">%100 Vegan<\/p>\n<p>[\/vc_column_text][\/vc_column_inner][\/vc_row_inner][vc_empty_space empty_h=&#8221;1&#8243;][\/vc_column][\/vc_row][vc_row row_height_percent=&#8221;0&#8243; override_padding=&#8221;yes&#8221; h_padding=&#8221;2&#8243; top_padding=&#8221;0&#8243; bottom_padding=&#8221;2&#8243; back_color=&#8221;color-545879&#8243; overlay_alpha=&#8221;50&#8243; gutter_size=&#8221;3&#8243; column_width_percent=&#8221;80&#8243; shift_y=&#8221;0&#8243; z_index=&#8221;0&#8243; desktop_visibility=&#8221;yes&#8221; auto_height_device=&#8221;yes&#8221; uncode_shortcode_id=&#8221;459645&#8243; back_color_type=&#8221;uncode-palette&#8221;][vc_column column_width_percent=&#8221;70&#8243; align_horizontal=&#8221;align_center&#8221; gutter_size=&#8221;0&#8243; style=&#8221;dark&#8221; overlay_alpha=&#8221;0&#8243; shift_x=&#8221;0&#8243; shift_y=&#8221;0&#8243; shift_y_down=&#8221;0&#8243; z_index=&#8221;0&#8243; medium_width=&#8221;4&#8243; mobile_width=&#8221;0&#8243; width=&#8221;1\/2&#8243; uncode_shortcode_id=&#8221;198539&#8243;][vc_single_image media=&#8221;120698&#8243; media_width_percent=&#8221;100&#8243; alignment=&#8221;center&#8221; css_animation=&#8221;alpha-anim&#8221; uncode_shortcode_id=&#8221;709931&#8243;][\/vc_column][vc_column column_width_percent=&#8221;100&#8243; gutter_size=&#8221;3&#8243; style=&#8221;dark&#8221; overlay_alpha=&#8221;50&#8243; shift_x=&#8221;0&#8243; shift_y=&#8221;0&#8243; shift_y_down=&#8221;0&#8243; z_index=&#8221;0&#8243; medium_width=&#8221;4&#8243; mobile_width=&#8221;0&#8243; width=&#8221;1\/2&#8243; uncode_shortcode_id=&#8221;669449&#8243;][vc_column_text text_color=&#8221;color-xsdn&#8221; uncode_shortcode_id=&#8221;152470&#8243; text_color_type=&#8221;uncode-palette&#8221;]<\/p>\n<h5 style=\"text-align: left;\"><span class=\"font-144102\">B\u0130TK\u0130 BAZLI BURGER<\/span><\/h5>\n<p>[\/vc_column_text][vc_column_text uncode_shortcode_id=&#8221;147294&#8243;]<\/p>\n<p class=\"p1\">Ger\u00e7ek bir hamburger keyfi i\u00e7in c\u0131z\u0131r c\u0131z\u0131r k\u0131zarm\u0131\u015f bir hamburger k\u00f6ftesi. \u00dcstelik tamamen bitkisel. Bizce ger\u00e7ek olamayacak kadar g\u00fczel!<\/p>\n<p>[\/vc_column_text][vc_row_inner limit_content=&#8221;&#8221;][vc_column_inner column_width_percent=&#8221;100&#8243; align_horizontal=&#8221;align_center&#8221; gutter_size=&#8221;2&#8243; style=&#8221;dark&#8221; overlay_alpha=&#8221;50&#8243; shift_x=&#8221;0&#8243; shift_y=&#8221;0&#8243; shift_y_down=&#8221;0&#8243; z_index=&#8221;0&#8243; medium_width=&#8221;4&#8243; mobile_width=&#8221;0&#8243; width=&#8221;1\/2&#8243; uncode_shortcode_id=&#8221;345191&#8243;][vc_single_image media=&#8221;118977&#8243; media_width_percent=&#8221;23&#8243; alignment=&#8221;center&#8221; uncode_shortcode_id=&#8221;136118&#8243;][vc_column_text uncode_shortcode_id=&#8221;664259&#8243;]<\/p>\n<p class=\"p1\" style=\"text-align: center;\">Koruyucu i\u00e7ermez<\/p>\n<p>[\/vc_column_text][\/vc_column_inner][vc_column_inner column_width_percent=&#8221;100&#8243; align_horizontal=&#8221;align_center&#8221; gutter_size=&#8221;2&#8243; style=&#8221;dark&#8221; overlay_alpha=&#8221;50&#8243; shift_x=&#8221;0&#8243; shift_y=&#8221;0&#8243; shift_y_down=&#8221;0&#8243; z_index=&#8221;0&#8243; medium_width=&#8221;4&#8243; mobile_width=&#8221;0&#8243; width=&#8221;1\/2&#8243; uncode_shortcode_id=&#8221;772000&#8243;][vc_single_image media=&#8221;118959&#8243; media_width_percent=&#8221;23&#8243; alignment=&#8221;center&#8221; uncode_shortcode_id=&#8221;107513&#8243;][vc_column_text uncode_shortcode_id=&#8221;824755&#8243;]<\/p>\n<p class=\"p1\" style=\"text-align: center;\">%100 Vegan<\/p>\n<p>[\/vc_column_text][\/vc_column_inner][\/vc_row_inner][vc_empty_space empty_h=&#8221;1&#8243;][vc_row_inner limit_content=&#8221;&#8221;][vc_column_inner column_width_percent=&#8221;100&#8243; align_horizontal=&#8221;align_center&#8221; gutter_size=&#8221;2&#8243; style=&#8221;dark&#8221; overlay_alpha=&#8221;50&#8243; shift_x=&#8221;0&#8243; shift_y=&#8221;0&#8243; shift_y_down=&#8221;0&#8243; z_index=&#8221;0&#8243; medium_width=&#8221;4&#8243; mobile_width=&#8221;0&#8243; width=&#8221;1\/2&#8243; uncode_shortcode_id=&#8221;178921&#8243;][vc_single_image media=&#8221;118747&#8243; media_width_percent=&#8221;23&#8243; alignment=&#8221;center&#8221; uncode_shortcode_id=&#8221;953541&#8243;][vc_column_text uncode_shortcode_id=&#8221;185958&#8243;]<\/p>\n<p class=\"p1\" style=\"text-align: center;\">GDO\u2019suz<\/p>\n<p>[\/vc_column_text][\/vc_column_inner][vc_column_inner column_width_percent=&#8221;100&#8243; align_horizontal=&#8221;align_center&#8221; gutter_size=&#8221;2&#8243; style=&#8221;dark&#8221; overlay_alpha=&#8221;50&#8243; shift_x=&#8221;0&#8243; shift_y=&#8221;0&#8243; shift_y_down=&#8221;0&#8243; z_index=&#8221;0&#8243; medium_width=&#8221;4&#8243; mobile_width=&#8221;0&#8243; width=&#8221;1\/2&#8243; uncode_shortcode_id=&#8221;826007&#8243;][vc_single_image media=&#8221;118976&#8243; media_width_percent=&#8221;23&#8243; alignment=&#8221;center&#8221; uncode_shortcode_id=&#8221;114022&#8243;][vc_column_text uncode_shortcode_id=&#8221;431912&#8243;]<\/p>\n<p style=\"text-align: center;\">0 \u015eeker<\/p>\n<p>[\/vc_column_text][\/vc_column_inner][\/vc_row_inner][vc_row_inner limit_content=&#8221;&#8221;][vc_column_inner column_width_percent=&#8221;100&#8243; align_horizontal=&#8221;align_center&#8221; gutter_size=&#8221;2&#8243; style=&#8221;dark&#8221; overlay_alpha=&#8221;50&#8243; shift_x=&#8221;0&#8243; shift_y=&#8221;0&#8243; shift_y_down=&#8221;0&#8243; z_index=&#8221;0&#8243; medium_width=&#8221;4&#8243; mobile_width=&#8221;0&#8243; width=&#8221;1\/2&#8243; uncode_shortcode_id=&#8221;178921&#8243;][vc_single_image media=&#8221;118748&#8243; media_width_percent=&#8221;17&#8243; alignment=&#8221;center&#8221; uncode_shortcode_id=&#8221;206615&#8243;][vc_column_text uncode_shortcode_id=&#8221;450056&#8243;]<\/p>\n<p style=\"text-align: center;\">Uluslararas\u0131 FSSC 22000 sertifikal\u0131<\/p>\n<p>[\/vc_column_text][\/vc_column_inner][vc_column_inner column_width_percent=&#8221;100&#8243; align_horizontal=&#8221;align_center&#8221; gutter_size=&#8221;2&#8243; style=&#8221;dark&#8221; overlay_alpha=&#8221;50&#8243; shift_x=&#8221;0&#8243; shift_y=&#8221;0&#8243; shift_y_down=&#8221;0&#8243; z_index=&#8221;0&#8243; medium_width=&#8221;4&#8243; mobile_width=&#8221;0&#8243; width=&#8221;1\/2&#8243; uncode_shortcode_id=&#8221;826007&#8243;][\/vc_column_inner][\/vc_row_inner][\/vc_column][\/vc_row][vc_row row_height_percent=&#8221;0&#8243; override_padding=&#8221;yes&#8221; h_padding=&#8221;2&#8243; top_padding=&#8221;2&#8243; bottom_padding=&#8221;4&#8243; back_color=&#8221;color-545879&#8243; overlay_alpha=&#8221;50&#8243; gutter_size=&#8221;3&#8243; column_width_percent=&#8221;100&#8243; shift_y=&#8221;0&#8243; z_index=&#8221;0&#8243; uncode_shortcode_id=&#8221;173360&#8243; back_color_type=&#8221;uncode-palette&#8221;][vc_column column_width_percent=&#8221;100&#8243; align_horizontal=&#8221;align_center&#8221; gutter_size=&#8221;3&#8243; override_padding=&#8221;yes&#8221; column_padding=&#8221;1&#8243; expand_height=&#8221;yes&#8221; style=&#8221;dark&#8221; overlay_alpha=&#8221;50&#8243; shift_x=&#8221;0&#8243; shift_y=&#8221;0&#8243; shift_y_down=&#8221;0&#8243; z_index=&#8221;0&#8243; medium_width=&#8221;0&#8243; mobile_width=&#8221;0&#8243; width=&#8221;1\/1&#8243; uncode_shortcode_id=&#8221;360147&#8243;][vc_separator sep_color=&#8221;color-xsdn&#8221; uncode_shortcode_id=&#8221;139044&#8243; sep_color_type=&#8221;uncode-palette&#8221; el_height=&#8221;1px&#8221;][vc_button button_color=&#8221;color-xsdn&#8221; hover_fx=&#8221;outlined&#8221; outline=&#8221;yes&#8221; custom_typo=&#8221;yes&#8221; font_family=&#8221;font-144102&#8243; font_weight=&#8221;400&#8243; letter_spacing=&#8221;fontspace-210350&#8243; border_width=&#8221;1&#8243; button_color_type=&#8221;uncode-palette&#8221; uncode_shortcode_id=&#8221;145967&#8243; link=&#8221;url:https%3A%2F%2Fwww.shopveggy.com%2Furun%2Fbitki-bazli-burger|target:_blank&#8221;]SATIN AL[\/vc_button][vc_separator sep_color=&#8221;color-xsdn&#8221; uncode_shortcode_id=&#8221;139044&#8243; sep_color_type=&#8221;uncode-palette&#8221; el_height=&#8221;1px&#8221;][vc_empty_space empty_h=&#8221;2&#8243;][vc_tabs typography=&#8221;yes&#8221;][vc_tab gutter_size=&#8221;3&#8243; column_padding=&#8221;2&#8243; title=&#8221;TAR\u0130F \u00d6NER\u0130M\u0130Z&#8221; tab_id=&#8221;1680178901-2-26&#8243;][vc_row_inner limit_content=&#8221;&#8221;][vc_column_inner column_width_percent=&#8221;100&#8243; align_horizontal=&#8221;align_center&#8221; gutter_size=&#8221;3&#8243; style=&#8221;dark&#8221; overlay_alpha=&#8221;50&#8243; shift_x=&#8221;0&#8243; shift_y=&#8221;0&#8243; shift_y_down=&#8221;0&#8243; z_index=&#8221;0&#8243; medium_width=&#8221;0&#8243; mobile_width=&#8221;0&#8243; width=&#8221;1\/1&#8243; uncode_shortcode_id=&#8221;146005&#8243;][vc_column_text text_lead=&#8221;yes&#8221; uncode_shortcode_id=&#8221;126539&#8243;]<\/p>\n<p class=\"p1\" style=\"text-align: center;\">Veggy Ananasl\u0131 Bitki Bazl\u0131 Burger<\/p>\n<p>[\/vc_column_text][vc_separator sep_color=&#8221;color-xsdn&#8221; uncode_shortcode_id=&#8221;198065&#8243; sep_color_type=&#8221;uncode-palette&#8221; el_height=&#8221;1px&#8221;][vc_single_image media=&#8221;120404&#8243; media_width_percent=&#8221;100&#8243; uncode_shortcode_id=&#8221;161913&#8243;][\/vc_column_inner][\/vc_row_inner][vc_row_inner limit_content=&#8221;&#8221;][vc_column_inner column_width_percent=&#8221;100&#8243; gutter_size=&#8221;3&#8243; style=&#8221;dark&#8221; overlay_alpha=&#8221;50&#8243; shift_x=&#8221;0&#8243; shift_y=&#8221;0&#8243; shift_y_down=&#8221;0&#8243; z_index=&#8221;0&#8243; medium_width=&#8221;0&#8243; mobile_width=&#8221;0&#8243; width=&#8221;1\/2&#8243; uncode_shortcode_id=&#8221;672824&#8243;][vc_column_text uncode_shortcode_id=&#8221;187687&#8243;]<\/p>\n<p class=\"p1\"><b>\u0130\u00e7indekiler:<\/b><\/p>\n<ul>\n<li class=\"p2\">Veggy Bitki Bazl\u0131 Burger<\/li>\n<li class=\"p2\">Ananas<\/li>\n<li class=\"p2\">Vegan burger ekme\u011fi<\/li>\n<li class=\"p2\">Vegan mayonez<\/li>\n<li class=\"p2\">Hardal<\/li>\n<li class=\"p2\">Korni\u015fon tur\u015fu<\/li>\n<li class=\"p2\">Ye\u015fil elma<\/li>\n<li class=\"p2\">Beyaz sirke<\/li>\n<\/ul>\n<p>&nbsp;<\/p>\n<p class=\"p1\"><b>Sosu \u0130\u00e7in:<\/b><\/p>\n<ul>\n<li class=\"p1\">3 tatl\u0131 ka\u015f\u0131\u011f\u0131 mayonez<\/li>\n<li class=\"p1\">1 ince dilim k\u00fcp k\u00fcp do\u011franm\u0131\u015f ye\u015fil elma<\/li>\n<li class=\"p1\">1 orta boy ince do\u011franm\u0131\u015f salatal\u0131k tur\u015fusu<\/li>\n<li class=\"p1\">1 \u00e7ay ka\u015f\u0131\u011f\u0131 tur\u015fu suyu<\/li>\n<li class=\"p1\">1 tatl\u0131 ka\u015f\u0131\u011f\u0131 hardal<\/li>\n<\/ul>\n<p>[\/vc_column_text][\/vc_column_inner][vc_column_inner column_width_percent=&#8221;100&#8243; gutter_size=&#8221;3&#8243; style=&#8221;dark&#8221; overlay_alpha=&#8221;50&#8243; shift_x=&#8221;0&#8243; shift_y=&#8221;0&#8243; shift_y_down=&#8221;0&#8243; z_index=&#8221;0&#8243; medium_width=&#8221;0&#8243; mobile_width=&#8221;0&#8243; width=&#8221;1\/2&#8243; uncode_shortcode_id=&#8221;127971&#8243;][vc_column_text uncode_shortcode_id=&#8221;147759&#8243;]<\/p>\n<p class=\"p1\"><b>Sosu \u0130\u00e7in:<\/b><\/p>\n<p class=\"p1\">3 tatl\u0131 ka\u015f\u0131\u011f\u0131 vegan mayonez, 1 tatl\u0131 ka\u015f\u0131\u011f\u0131 hardal, 1 ince dilim k\u00fcp k\u00fcp do\u011franm\u0131\u015f ye\u015fil elma, 1 orta boy ince do\u011franm\u0131\u015f salatal\u0131k tur\u015fusu ve 1 \u00e7ay ka\u015f\u0131\u011f\u0131 tur\u015fu suyu ayn\u0131 kapta kar\u0131\u015ft\u0131r\u0131l\u0131r.<\/p>\n<p>&nbsp;<\/p>\n<p class=\"p1\"><b>Haz\u0131rlan\u0131\u015f\u0131:<\/b><\/p>\n<p class=\"p1\">\u00d6nceden \u00e7\u00f6z\u00fcnd\u00fcr\u00fclm\u00fc\u015f bitki bazl\u0131 burger, hafif ya\u011fl\u0131 tavada orta ate\u015fte 8 dakika pi\u015firilir. 1 dilim ananas, 2 y\u00fcz\u00fc de karamelize olacak \u015fekilde k\u0131zart\u0131l\u0131r. Burger ekme\u011fi hafif \u0131s\u0131t\u0131ld\u0131ktan sonra iki y\u00fczeyine de haz\u0131rlanan sos s\u00fcr\u00fcl\u00fcr. S\u0131ras\u0131yla roka, burger, vegan cheddar ve ananas \u00fcst \u00fcste koyulur ve yemeye haz\u0131r hale gelir.<\/p>\n<p>[\/vc_column_text][\/vc_column_inner][\/vc_row_inner][\/vc_tab][vc_tab gutter_size=&#8221;3&#8243; column_padding=&#8221;2&#8243; title=&#8221;\u00dcR\u00dcN B\u0130LG\u0130LER\u0130&#8221; tab_id=&#8221;1680178901-1-86&#8243;][vc_row_inner limit_content=&#8221;&#8221;][vc_column_inner column_width_percent=&#8221;65&#8243; gutter_size=&#8221;3&#8243; style=&#8221;dark&#8221; overlay_alpha=&#8221;50&#8243; shift_x=&#8221;0&#8243; shift_y=&#8221;0&#8243; shift_y_down=&#8221;0&#8243; z_index=&#8221;0&#8243; medium_width=&#8221;0&#8243; mobile_width=&#8221;0&#8243; width=&#8221;1\/2&#8243; uncode_shortcode_id=&#8221;181065&#8243;][vc_column_text uncode_shortcode_id=&#8221;118746&#8243;]<\/p>\n<p class=\"p1\"><b>\u0130\u00e7indekiler:<\/b> Su, bezelye proteini, bitkisel ya\u011f (hindistan cevizi, ay\u00e7i\u00e7ek ya\u011f\u0131), protein bazl\u0131 kar\u0131\u015f\u0131m (bu\u011fday gluteni, bezelye proteini, bezelye ni\u015fastas\u0131, metil seluloz), istiridye mantar\u0131, k\u00fclt\u00fcr mantar\u0131, aromal\u0131 baharat kar\u0131\u015f\u0131m\u0131 (do\u011fal aroma vericiler, patates ni\u015fastas\u0131, baharat kar\u0131\u015f\u0131m\u0131), bitkisel lifli kar\u0131\u015f\u0131m (metil seluloz, bezelye lifi), renklendirici maddeler (pancar konsantresi, karamelize \u015feker).<\/p>\n<p class=\"p2\"><b>Alerjen: <i>Gluten<\/i><\/b> i\u00e7erir. Eser miktarda<b><i> soya, hardal <\/i><\/b>ve <b><i>kereviz<\/i><\/b> i\u00e7erebilir.<\/p>\n<p>[\/vc_column_text][\/vc_column_inner][vc_column_inner column_width_percent=&#8221;100&#8243; gutter_size=&#8221;3&#8243; style=&#8221;dark&#8221; overlay_alpha=&#8221;50&#8243; shift_x=&#8221;0&#8243; shift_y=&#8221;0&#8243; shift_y_down=&#8221;0&#8243; z_index=&#8221;0&#8243; medium_width=&#8221;0&#8243; mobile_width=&#8221;0&#8243; width=&#8221;1\/2&#8243; uncode_shortcode_id=&#8221;190367&#8243;][vc_column_text uncode_shortcode_id=&#8221;918898&#8243;]<\/p>\n<table class=\"t1\" cellspacing=\"0\" cellpadding=\"0\">\n<tbody>\n<tr>\n<td class=\"td1\" valign=\"middle\">\n<p class=\"p3\">Enerji ve besin \u00f6\u011feleri<\/p>\n<\/td>\n<td class=\"td2\" valign=\"middle\">\n<p class=\"p4\">100 g i\u00e7in<\/p>\n<\/td>\n<\/tr>\n<tr>\n<td class=\"td3\" valign=\"middle\">\n<p class=\"p3\">Enerji (kj\/kcal)<\/p>\n<\/td>\n<td class=\"td4\" valign=\"middle\">\n<p class=\"p4\">816\/197<\/p>\n<\/td>\n<\/tr>\n<tr>\n<td class=\"td1\" valign=\"middle\">\n<p class=\"p3\">Ya\u011f (g)<\/p>\n<\/td>\n<td class=\"td2\" valign=\"middle\">\n<p class=\"p4\">12,00<\/p>\n<\/td>\n<\/tr>\n<tr>\n<td class=\"td3\" valign=\"middle\">\n<p class=\"p3\">-Doymu\u015f Ya\u011f (g)<\/p>\n<\/td>\n<td class=\"td4\" valign=\"middle\">\n<p class=\"p4\">1,20<\/p>\n<\/td>\n<\/tr>\n<tr>\n<td class=\"td1\" valign=\"middle\">\n<p class=\"p3\">Karbonhidrat (g)<\/p>\n<\/td>\n<td class=\"td2\" valign=\"middle\">\n<p class=\"p4\">8,00<\/p>\n<\/td>\n<\/tr>\n<tr>\n<td class=\"td3\" valign=\"middle\">\n<p class=\"p3\">-\u015eekerler (g)<\/p>\n<\/td>\n<td class=\"td4\" valign=\"middle\">\n<p class=\"p4\">1,10<\/p>\n<\/td>\n<\/tr>\n<tr>\n<td class=\"td1\" valign=\"middle\">\n<p class=\"p3\">Protein (g)<\/p>\n<\/td>\n<td class=\"td2\" valign=\"middle\">\n<p class=\"p4\">12,00<\/p>\n<\/td>\n<\/tr>\n<tr>\n<td class=\"td3\" valign=\"middle\">\n<p class=\"p3\">Tuz (g)<\/p>\n<\/td>\n<td class=\"td4\" valign=\"middle\">\n<p class=\"p4\">1,50<\/p>\n<\/td>\n<\/tr>\n<\/tbody>\n<\/table>\n<p>[\/vc_column_text][\/vc_column_inner][\/vc_row_inner][\/vc_tab][\/vc_tabs][\/vc_column][\/vc_row]<\/p>\n<\/section>","protected":false},"excerpt":{"rendered":"<p>[vc_row row_height_percent=&#8221;0&#8243; override_padding=&#8221;yes&#8221; h_padding=&#8221;2&#8243; top_padding=&#8221;0&#8243; bottom_padding=&#8221;2&#8243; back_color=&#8221;color-545879&#8243; overlay_alpha=&#8221;50&#8243; gutter_size=&#8221;3&#8243; column_width_percent=&#8221;80&#8243; shift_y=&#8221;0&#8243; z_index=&#8221;0&#8243; auto_height_device=&#8221;yes&#8221; uncode_shortcode_id=&#8221;513629&#8243; back_color_type=&#8221;uncode-palette&#8221;][vc_column column_width_percent=&#8221;70&#8243; position_vertical=&#8221;middle&#8221; align_horizontal=&#8221;align_center&#8221; gutter_size=&#8221;0&#8243; style=&#8221;dark&#8221; [&hellip;]<\/p>\n","protected":false},"author":2,"featured_media":0,"parent":0,"menu_order":0,"comment_status":"closed","ping_status":"closed","template":"","meta":{"_monsterinsights_skip_tracking":false,"_monsterinsights_sitenote_active":false,"_monsterinsights_sitenote_note":"","_monsterinsights_sitenote_category":0,"footnotes":""},"class_list":["post-118973","page","type-page","status-publish","hentry"],"aioseo_notices":[],"_links":{"self":[{"href":"https:\/\/veggy.com.tr\/veggy\/wp-json\/wp\/v2\/pages\/118973","targetHints":{"allow":["GET"]}}],"collection":[{"href":"https:\/\/veggy.com.tr\/veggy\/wp-json\/wp\/v2\/pages"}],"about":[{"href":"https:\/\/veggy.com.tr\/veggy\/wp-json\/wp\/v2\/types\/page"}],"author":[{"embeddable":true,"href":"https:\/\/veggy.com.tr\/veggy\/wp-json\/wp\/v2\/users\/2"}],"replies":[{"embeddable":true,"href":"https:\/\/veggy.com.tr\/veggy\/wp-json\/wp\/v2\/comments?post=118973"}],"version-history":[{"count":18,"href":"https:\/\/veggy.com.tr\/veggy\/wp-json\/wp\/v2\/pages\/118973\/revisions"}],"predecessor-version":[{"id":121177,"href":"https:\/\/veggy.com.tr\/veggy\/wp-json\/wp\/v2\/pages\/118973\/revisions\/121177"}],"wp:attachment":[{"href":"https:\/\/veggy.com.tr\/veggy\/wp-json\/wp\/v2\/media?parent=118973"}],"curies":[{"name":"wp","href":"https:\/\/api.w.org\/{rel}","templated":true}]}}